{"id":1704,"date":"2021-08-19T08:44:16","date_gmt":"2021-08-19T08:44:16","guid":{"rendered":"http:\/\/gutenberg.pressxchangeweb.com\/privacy-statement-au"},"modified":"2021-11-29T11:06:22","modified_gmt":"2021-11-29T11:06:22","slug":"datenschutzerklarung-au","status":"publish","type":"page","link":"https:\/\/www.gutenbergmachines.com\/de\/datenschutzerklarung-au","title":{"rendered":"Datenschutzerkl\u00e4rung (AU)"},"content":{"rendered":"<!-- Legal document generated by Complianz | GDPR\/CCPA Cookie Consent https:\/\/wordpress.org\/plugins\/complianz-gdpr -->\n<div id=\"cmplz-document\" class=\"cmplz-document privacy-statement cmplz-document-au\"><p><i>Diese Datenschutzerkl\u00e4rung wurde zuletzt am 12. Februar 2024 ge\u00e4ndert, zuletzt am 12. Februar 2024 \u00fcberpr\u00fcft und gilt f\u00fcr B\u00fcrger Australiens.<\/i><br \/><br \/><\/p><p>In dieser Datenschutzerkl\u00e4rung erl\u00e4utern wir, was wir mit den Daten tun, die wir \u00fcber Sie erhalten <a href=\"https:\/\/www.gutenbergmachines.com\/de\">https:\/\/www.gutenbergmachines.com\/de<\/a>. Wir empfehlen Ihnen, diese Erkl\u00e4rung sorgf\u00e4ltig zu lesen. Bei unserer Verarbeitung halten wir uns an die Anforderungen der Datenschutzgesetzgebung. Das bedeutet unter anderem, dass:<ul>\n                <li>Wir geben deutlich an, f\u00fcr welche Zwecke wir personenbezogene Daten verarbeiten. Wir tun dies mittels dieser Datenschutzerkl\u00e4rung;<\/li>\n                <li>wir sind bestrebt, unsere Erhebung personenbezogener Daten auf die personenbezogenen Daten zu beschr\u00e4nken, die f\u00fcr legitime Zwecke erforderlich sind;<\/li>\n                <li>in F\u00e4llen, in denen Ihre Zustimmung erforderlich ist, bitten wir Sie zun\u00e4chst um Ihre ausdr\u00fcckliche Zustimmung zur Verarbeitung Ihrer personenbezogenen Daten;<\/li>\n                <li>wir treffen angemessene Sicherheitsma\u00dfnahmen, um Ihre personenbezogenen Daten zu sch\u00fctzen und verlangen dies auch von Parteien, die personenbezogene Daten in unserem Auftrag verarbeiten;<\/li>\n                <li>Wir respektieren Ihr Recht, auf Ihre personenbezogenen Daten zuzugreifen oder sie auf Ihre Anfrage hin korrigieren oder l\u00f6schen zu lassen.<\/li>\n            <\/ul><\/p>Wenn Sie Fragen haben oder genau wissen m\u00f6chten, welche Daten wir von Ihnen speichern, kontaktieren Sie uns bitte.<h2>1. Zweck und Datenkategorien<\/h2><p>Wir k\u00f6nnen personenbezogene Daten f\u00fcr eine Reihe von Zwecken im Zusammenhang mit unserer Gesch\u00e4ftst\u00e4tigkeit erfassen oder erhalten, darunter die folgenden: (zum Erweitern klicken)<\/b><\/p><details class=\"cmplz-dropdown dropdown-privacy-statement\"><summary><div><h3>1.1 Kontakt \u2013 Per Telefon, Post, E-Mail und\/oder Webformulare<\/h3><\/div><\/summary><p class=\"cmplz-subtitle\">Folgende Datenkategorien werden erhoben<\/p><p><ul><li>Vor- und Nachname<\/li><li>Eine Privatadresse oder andere physische Adresse, einschlie\u00dflich Stra\u00dfenname und Name einer Stadt oder eines Ortes<\/li><li>Eine E-Mail-Adresse<\/li><li>Eine Telefonnummer<\/li><li>Informationen zu Internetaktivit\u00e4ten, einschlie\u00dflich, aber nicht beschr\u00e4nkt auf, Browserverlauf, Suchverlauf und Informationen zur Interaktion eines Verbrauchers mit einer Internet-Website, Anwendung oder Werbung<\/li><li>Geolokalisierungsdaten<\/li><li>Fotos<\/li><li>Social Media-Konten<\/li><\/ul><\/p><p class=\"cmplz-subtitle\">Aufbewahrungsfrist<\/p><p>Wir speichern diese Daten bis zur Beendigung des Dienstes.<\/p><\/details><details class=\"cmplz-dropdown dropdown-privacy-statement\"><summary><div><h3>1.2 Zahlungen<\/h3><\/div><\/summary><p class=\"cmplz-subtitle\">Folgende Datenkategorien werden erhoben<\/p><p><ul><li>Vor- und Nachname<\/li><li>Eine Privatadresse oder andere physische Adresse, einschlie\u00dflich Stra\u00dfenname und Name einer Stadt oder eines Ortes<\/li><li>Eine E-Mail-Adresse<\/li><li>Eine Telefonnummer<\/li><li>Finanzielle Informationen wie Bankkontonummer oder Kreditkartennummer<\/li><li>Geolokalisierungsdaten<\/li><\/ul><\/p><p class=\"cmplz-subtitle\">Aufbewahrungsfrist<\/p><p>Wir speichern diese Daten bis zur Beendigung des Dienstes.<\/p><\/details><details class=\"cmplz-dropdown dropdown-privacy-statement\"><summary><div><h3>1.3 Newsletter<\/h3><\/div><\/summary><p class=\"cmplz-subtitle\">Folgende Datenkategorien werden erhoben<\/p><p><ul><li>Vor- und Nachname<\/li><li>Eine Privatadresse oder andere physische Adresse, einschlie\u00dflich Stra\u00dfenname und Name einer Stadt oder eines Ortes<\/li><li>Eine E-Mail-Adresse<\/li><li>Eine Telefonnummer<\/li><\/ul><\/p><p class=\"cmplz-subtitle\">Aufbewahrungsfrist<\/p><p>Wir speichern diese Daten bis zur Beendigung des Dienstes.<\/p><\/details><details class=\"cmplz-dropdown dropdown-privacy-statement\"><summary><div><h3>1.4 Zur Unterst\u00fctzung von Dienstleistungen oder Produkten, die ein Kunde kaufen m\u00f6chte oder gekauft hat<\/h3><\/div><\/summary><p class=\"cmplz-subtitle\">Folgende Datenkategorien werden erhoben<\/p><p><ul><li>Vor- und Nachname<\/li><li>Eine Privatadresse oder andere physische Adresse, einschlie\u00dflich Stra\u00dfenname und Name einer Stadt oder eines Ortes<\/li><li>Eine E-Mail-Adresse<\/li><li>Eine Telefonnummer<\/li><\/ul><\/p><p class=\"cmplz-subtitle\">Aufbewahrungsfrist<\/p><p>Wir speichern diese Daten bis zur Beendigung des Dienstes.<\/p><\/details><details class=\"cmplz-dropdown dropdown-privacy-statement\"><summary><div><h3>1.5 Erstellen und Analysieren von Statistiken zur Verbesserung der Website.<\/h3><\/div><\/summary><p class=\"cmplz-subtitle\">Folgende Datenkategorien werden erhoben<\/p><p><ul><li>IP-Adresse<\/li><li>Informationen zu Internetaktivit\u00e4ten, einschlie\u00dflich, aber nicht beschr\u00e4nkt auf, Browserverlauf, Suchverlauf und Informationen zur Interaktion eines Verbrauchers mit einer Internet-Website, Anwendung oder Werbung<\/li><li>Geolokalisierungsdaten<\/li><\/ul><\/p><p class=\"cmplz-subtitle\">Aufbewahrungsfrist<\/p><p>Wir speichern diese Daten bis zur Beendigung des Dienstes.<\/p><\/details><details class=\"cmplz-dropdown dropdown-privacy-statement\"><summary><div><h3>1.6 Lieferungen<\/h3><\/div><\/summary><p class=\"cmplz-subtitle\">Folgende Datenkategorien werden erhoben<\/p><p><ul><li>Vor- und Nachname<\/li><li>Eine Privatadresse oder andere physische Adresse, einschlie\u00dflich Stra\u00dfenname und Name einer Stadt oder eines Ortes<\/li><li>Eine E-Mail-Adresse<\/li><li>Eine Telefonnummer<\/li><li>Geolokalisierungsdaten<\/li><\/ul><\/p><p class=\"cmplz-subtitle\">Aufbewahrungsfrist<\/p><p>Wir speichern diese Daten bis zur Beendigung des Dienstes.<\/p><\/details><h2>2. Teilen mit anderen Parteien<\/h2><p>Wir teilen oder offenbaren diese Daten nur zu folgenden Zwecken mit anderen Empf\u00e4ngern:<\/p><p><b>Zweck der Daten\u00fcbermittlung:<\/b>&nbsp;Softwareentwickler<br \/>\n             <b>Land oder Staat, in dem sich dieser Auftragsverarbeiter befindet:<\/b>&nbsp;Vereinigtes K\u00f6nigreich<br \/><\/p><h2>3. Offenlegungspraktiken<\/h2><p><p>Wir geben personenbezogene Daten weiter, wenn wir gesetzlich oder per Gerichtsbeschluss, als Reaktion auf eine Strafverfolgungsbeh\u00f6rde, in dem nach anderen gesetzlichen Bestimmungen zul\u00e4ssigen Umfang verpflichtet sind, Informationen bereitzustellen, oder f\u00fcr eine Untersuchung in einer Angelegenheit im Zusammenhang mit der \u00f6ffentlichen Sicherheit.<\/p><p>Wenn unsere Website oder Organisation \u00fcbernommen, verkauft oder an einer Fusion oder \u00dcbernahme beteiligt wird, k\u00f6nnen Ihre Daten unseren Beratern und potenziellen K\u00e4ufern offengelegt und an die neuen Eigent\u00fcmer weitergegeben werden.<\/p><\/p><h2>4. Was ist, wenn Sie uns Ihre personenbezogenen Daten nicht zur Verf\u00fcgung stellen?<\/h2><p>Wenn Sie uns Ihre personenbezogenen Daten nicht zur Verf\u00fcgung stellen, sind wir m\u00f6glicherweise nicht in der Lage, Ihnen die gew\u00fcnschten Informationen, Produkte oder Unterst\u00fctzung bereitzustellen.<\/p><h2>5. Wie wir auf Do-Not-Track-Signale und globale Datenschutzkontrolle reagieren <\/h2><p>Unsere Website reagiert nicht auf das Anforderungsfeld \u201eDo Not Track\u201c (DNT) und unterst\u00fctzt es nicht.<\/p><h2>6. Kekse<\/h2><p>Unsere Website verwendet Cookies. Weitere Informationen zu Cookies finden Sie in unserer Cookie-Richtlinie auf unserer <a href=\"https:\/\/www.gutenbergmachines.com\/de\/cookie-richtlinie-au\">Cookie-Richtlinie (AU)<\/a> Website.&nbsp;<\/p><h2>7. Sicherheit<\/h2><p>Wir verpflichten uns zur Sicherheit personenbezogener Daten. Wir ergreifen angemessene Sicherheitsma\u00dfnahmen, um den Missbrauch und unbefugten Zugriff auf personenbezogene Daten einzuschr\u00e4nken. Dadurch wird sichergestellt, dass nur die erforderlichen Personen Zugriff auf Ihre Daten haben, der Zugriff auf die Daten gesch\u00fctzt ist und unsere Sicherheitsma\u00dfnahmen regelm\u00e4\u00dfig \u00fcberpr\u00fcft werden.<\/p><h2>8. Websites Dritter<\/h2><p>Diese Datenschutzerkl\u00e4rung gilt nicht f\u00fcr Websites Dritter, die durch Links auf unserer Website verbunden sind. Wir k\u00f6nnen nicht garantieren, dass diese Dritten Ihre personenbezogenen Daten zuverl\u00e4ssig oder sicher handhaben. Wir empfehlen Ihnen, die Datenschutzerkl\u00e4rungen dieser Websites zu lesen, bevor Sie diese Websites nutzen.<\/p><h2>9. \u00c4nderungen dieser Datenschutzerkl\u00e4rung<\/h2><p>Wir behalten uns das Recht vor, \u00c4nderungen an dieser Datenschutzerkl\u00e4rung vorzunehmen. Es wird empfohlen, diese Datenschutzerkl\u00e4rung regelm\u00e4\u00dfig zu konsultieren, um \u00fcber \u00c4nderungen informiert zu sein. Dar\u00fcber hinaus werden wir Sie nach M\u00f6glichkeit aktiv informieren.<\/p><h2>10. Zugriff auf und \u00c4nderung Ihrer Daten<\/h2><p>Wenn Sie Fragen haben oder wissen m\u00f6chten, welche personenbezogenen Daten wir \u00fcber Sie gespeichert haben, kontaktieren Sie uns bitte. Bitte achten Sie darauf, immer klar anzugeben, wer Sie sind, damit wir sicher sein k\u00f6nnen, dass wir keine Daten der falschen Person \u00e4ndern oder l\u00f6schen. Wir werden die angeforderten Informationen nur nach Erhalt einer \u00fcberpr\u00fcfbaren Verbraucheranfrage bereitstellen. Sie k\u00f6nnen uns kontaktieren, indem Sie die unten stehenden Informationen verwenden. Sie haben folgende Rechte:<\/p><p class=\"cmplz-subtitle\">10.1 Sie haben die folgenden Rechte in Bezug auf Ihre personenbezogenen Daten<\/p><ol class=\"alphabetic\">\n                        <li>Sie k\u00f6nnen einen Antrag auf Zugang zu den Daten stellen, die wir \u00fcber Sie verarbeiten.<\/li>\n                        <li>Sie k\u00f6nnen in einem g\u00e4ngigen Format eine \u00dcbersicht \u00fcber die von uns \u00fcber Sie verarbeiteten Daten anfordern.<\/li>\n                        <li>Sie k\u00f6nnen die Berichtigung oder L\u00f6schung der Daten verlangen, wenn sie falsch oder f\u00fcr keinen Zweck im Sinne des Datenschutzgesetzes relevant oder nicht mehr relevant sind.<\/li>\n                      <\/ol>\n                      <h2>11. Kinder<\/h2><p>Unsere Website ist nicht darauf ausgelegt, Kinder anzuziehen, und es ist nicht unsere Absicht, personenbezogene Daten von Kindern zu sammeln, die in ihrem Wohnsitzland noch nicht vollj\u00e4hrig sind. Wir bitten daher, dass Kinder unter Vollj\u00e4hrigkeit keine personenbezogenen Daten an uns \u00fcbermitteln.<\/p><h2>12. Kontaktdaten<\/h2><p>Gutenberg Grafische Machines BV<br \/>\n        Siriusdreef 17-27-2132 WT<br \/>\r\nHoofddorp - Niederlande<br \/>\n        Niederlande<br \/>\n        Webseite: <a href=\"https:\/\/www.gutenbergmachines.com\/de\">https:\/\/www.gutenbergmachines.com\/de<\/a> <br \/>\n        Email: <span class=\"cmplz-obfuscate\">i&#110;&#102;&#111;@<span class=\"cmplz-fmail-domain\">ex.com<\/span>&#103;ut&#101;nber&#103;&#109;a&#099;&#104;i&#110;e&#115;&#046;co&#109;<\/span> <br \/>\n        <br \/>\n        Telefonnummer: +31 630074407<\/p><p>Wir haben eine Kontaktperson f\u00fcr die Richtlinien und Praktiken der Organisation benannt, an die Beschwerden oder Anfragen weitergeleitet werden k\u00f6nnen:<br \/>Oussma Diab<br \/>Siriusdreef 17-27-2132 WT<br \/>\r\nHoofddorp - Niederlande<br \/>\r\ninfo@gutenbergmachines.com<\/p><\/div>","protected":false},"excerpt":{"rendered":"","protected":false},"author":5,"featured_media":0,"parent":0,"menu_order":0,"comment_status":"closed","ping_status":"closed","template":"","meta":{"_acf_changed":false,"_joinchat":[],"footnotes":""},"class_list":["post-1704","page","type-page","status-publish","hentry"],"acf":[],"yoast_head":"<!-- This site is optimized with the Yoast SEO plugin v25.7 - https:\/\/yoast.com\/wordpress\/plugins\/seo\/ -->\n<title>Gutenberg Grafische Machines B.V.<\/title>\n<meta name=\"robots\" content=\"index, follow, max-snippet:-1, max-image-preview:large, max-video-preview:-1\" \/>\n<link rel=\"canonical\" href=\"https:\/\/www.gutenbergmachines.com\/de\/datenschutzerklarung-au\" \/>\n<meta property=\"og:locale\" content=\"de_DE\" \/>\n<meta property=\"og:type\" content=\"article\" \/>\n<meta property=\"og:title\" content=\"Privacy Statement (AU) | Gutenberg Grafische Machines B.V.\" \/>\n<meta property=\"og:url\" content=\"https:\/\/www.gutenbergmachines.com\/de\/datenschutzerklarung-au\" \/>\n<meta property=\"og:site_name\" content=\"Gutenberg Grafische Machines B.V.\" \/>\n<meta property=\"article:publisher\" content=\"https:\/\/www.facebook.com\/gutenbergprintingmachines\/\" \/>\n<meta property=\"article:modified_time\" content=\"2021-11-29T11:06:22+00:00\" \/>\n<meta name=\"twitter:card\" content=\"summary_large_image\" \/>\n<meta name=\"twitter:site\" content=\"@gutenbergmachi1\" \/>\n<meta name=\"twitter:label1\" content=\"Gesch\u00e4tzte Lesezeit\" \/>\n\t<meta name=\"twitter:data1\" content=\"1\u00a0Minute\" \/>\n<script type=\"application\/ld+json\" class=\"yoast-schema-graph\">{\"@context\":\"https:\/\/schema.org\",\"@graph\":[{\"@type\":\"WebPage\",\"@id\":\"https:\/\/www.gutenbergmachines.com\/privacy-statement-au\",\"url\":\"https:\/\/www.gutenbergmachines.com\/privacy-statement-au\",\"name\":\"Privacy Statement (AU) | Gutenberg Grafische Machines B.V.\",\"isPartOf\":{\"@id\":\"https:\/\/www.gutenbergmachines.com\/#website\"},\"datePublished\":\"2021-08-19T08:44:16+00:00\",\"dateModified\":\"2021-11-29T11:06:22+00:00\",\"breadcrumb\":{\"@id\":\"https:\/\/www.gutenbergmachines.com\/privacy-statement-au#breadcrumb\"},\"inLanguage\":\"de\",\"potentialAction\":[{\"@type\":\"ReadAction\",\"target\":[\"https:\/\/www.gutenbergmachines.com\/privacy-statement-au\"]}]},{\"@type\":\"BreadcrumbList\",\"@id\":\"https:\/\/www.gutenbergmachines.com\/privacy-statement-au#breadcrumb\",\"itemListElement\":[{\"@type\":\"ListItem\",\"position\":1,\"name\":\"Home\",\"item\":\"https:\/\/www.gutenbergmachines.com\/\"},{\"@type\":\"ListItem\",\"position\":2,\"name\":\"Privacy Statement (AU)\"}]},{\"@type\":\"WebSite\",\"@id\":\"https:\/\/www.gutenbergmachines.com\/#website\",\"url\":\"https:\/\/www.gutenbergmachines.com\/\",\"name\":\"Gutenberg Grafische Machines B.V.\",\"description\":\"Used Printing Machines\",\"publisher\":{\"@id\":\"https:\/\/www.gutenbergmachines.com\/#organization\"},\"potentialAction\":[{\"@type\":\"SearchAction\",\"target\":{\"@type\":\"EntryPoint\",\"urlTemplate\":\"https:\/\/www.gutenbergmachines.com\/?s={search_term_string}\"},\"query-input\":{\"@type\":\"PropertyValueSpecification\",\"valueRequired\":true,\"valueName\":\"search_term_string\"}}],\"inLanguage\":\"de\"},{\"@type\":\"Organization\",\"@id\":\"https:\/\/www.gutenbergmachines.com\/#organization\",\"name\":\"GUTENBERG GRAFISCHE MACHINES\",\"url\":\"https:\/\/www.gutenbergmachines.com\/\",\"logo\":{\"@type\":\"ImageObject\",\"inLanguage\":\"de\",\"@id\":\"https:\/\/www.gutenbergmachines.com\/#\/schema\/logo\/image\/\",\"url\":\"https:\/\/www.gutenbergmachines.com\/wp-content\/uploads\/2021\/12\/Gutenburg_Logo_500_white.png\",\"contentUrl\":\"https:\/\/www.gutenbergmachines.com\/wp-content\/uploads\/2021\/12\/Gutenburg_Logo_500_white.png\",\"width\":500,\"height\":95,\"caption\":\"GUTENBERG GRAFISCHE MACHINES\"},\"image\":{\"@id\":\"https:\/\/www.gutenbergmachines.com\/#\/schema\/logo\/image\/\"},\"sameAs\":[\"https:\/\/www.facebook.com\/gutenbergprintingmachines\/\",\"https:\/\/x.com\/gutenbergmachi1\",\"https:\/\/www.linkedin.com\/company\/gutenberg-machines\/\",\"https:\/\/www.youtube.com\/channel\/UCYy3jPCn2CalwkxJCCGg7mQ\"]}]}<\/script>\n<!-- \/ Yoast SEO plugin. -->","yoast_head_json":{"title":"Gutenberg Grafische Machines BV","robots":{"index":"index","follow":"follow","max-snippet":"max-snippet:-1","max-image-preview":"max-image-preview:large","max-video-preview":"max-video-preview:-1"},"canonical":"https:\/\/www.gutenbergmachines.com\/de\/datenschutzerklarung-au","og_locale":"de_DE","og_type":"article","og_title":"Privacy Statement (AU) | Gutenberg Grafische Machines B.V.","og_url":"https:\/\/www.gutenbergmachines.com\/de\/datenschutzerklarung-au","og_site_name":"Gutenberg Grafische Machines B.V.","article_publisher":"https:\/\/www.facebook.com\/gutenbergprintingmachines\/","article_modified_time":"2021-11-29T11:06:22+00:00","twitter_card":"summary_large_image","twitter_site":"@gutenbergmachi1","twitter_misc":{"Gesch\u00e4tzte Lesezeit":"1\u00a0Minute"},"schema":{"@context":"https:\/\/schema.org","@graph":[{"@type":"WebPage","@id":"https:\/\/www.gutenbergmachines.com\/privacy-statement-au","url":"https:\/\/www.gutenbergmachines.com\/privacy-statement-au","name":"Datenschutzerkl\u00e4rung (AU) | Gutenberg Grafische Machines BV","isPartOf":{"@id":"https:\/\/www.gutenbergmachines.com\/#website"},"datePublished":"2021-08-19T08:44:16+00:00","dateModified":"2021-11-29T11:06:22+00:00","breadcrumb":{"@id":"https:\/\/www.gutenbergmachines.com\/privacy-statement-au#breadcrumb"},"inLanguage":"de","potentialAction":[{"@type":"ReadAction","target":["https:\/\/www.gutenbergmachines.com\/privacy-statement-au"]}]},{"@type":"BreadcrumbList","@id":"https:\/\/www.gutenbergmachines.com\/privacy-statement-au#breadcrumb","itemListElement":[{"@type":"ListItem","position":1,"name":"Home","item":"https:\/\/www.gutenbergmachines.com\/"},{"@type":"ListItem","position":2,"name":"Privacy Statement (AU)"}]},{"@type":"WebSite","@id":"https:\/\/www.gutenbergmachines.com\/#website","url":"https:\/\/www.gutenbergmachines.com\/","name":"Gutenberg Grafische Machines BV","description":"Gebrauchte Druckmaschinen","publisher":{"@id":"https:\/\/www.gutenbergmachines.com\/#organization"},"potentialAction":[{"@type":"SearchAction","target":{"@type":"EntryPoint","urlTemplate":"https:\/\/www.gutenbergmachines.com\/?s={search_term_string}"},"query-input":{"@type":"PropertyValueSpecification","valueRequired":true,"valueName":"search_term_string"}}],"inLanguage":"de"},{"@type":"Organization","@id":"https:\/\/www.gutenbergmachines.com\/#organization","name":"GUTENBERG GRAFISCHE MASCHINEN","url":"https:\/\/www.gutenbergmachines.com\/","logo":{"@type":"ImageObject","inLanguage":"de","@id":"https:\/\/www.gutenbergmachines.com\/#\/schema\/logo\/image\/","url":"https:\/\/www.gutenbergmachines.com\/wp-content\/uploads\/2021\/12\/Gutenburg_Logo_500_white.png","contentUrl":"https:\/\/www.gutenbergmachines.com\/wp-content\/uploads\/2021\/12\/Gutenburg_Logo_500_white.png","width":500,"height":95,"caption":"GUTENBERG GRAFISCHE MACHINES"},"image":{"@id":"https:\/\/www.gutenbergmachines.com\/#\/schema\/logo\/image\/"},"sameAs":["https:\/\/www.facebook.com\/gutenbergprintingmachines\/","https:\/\/x.com\/gutenbergmachi1","https:\/\/www.linkedin.com\/company\/gutenberg-machines\/","https:\/\/www.youtube.com\/channel\/UCYy3jPCn2CalwkxJCCGg7mQ"]}]}},"jetpack_sharing_enabled":true,"_links":{"self":[{"href":"https:\/\/www.gutenbergmachines.com\/de\/wp-json\/wp\/v2\/pages\/1704","targetHints":{"allow":["GET"]}}],"collection":[{"href":"https:\/\/www.gutenbergmachines.com\/de\/wp-json\/wp\/v2\/pages"}],"about":[{"href":"https:\/\/www.gutenbergmachines.com\/de\/wp-json\/wp\/v2\/types\/page"}],"author":[{"embeddable":true,"href":"https:\/\/www.gutenbergmachines.com\/de\/wp-json\/wp\/v2\/users\/5"}],"replies":[{"embeddable":true,"href":"https:\/\/www.gutenbergmachines.com\/de\/wp-json\/wp\/v2\/comments?post=1704"}],"version-history":[{"count":0,"href":"https:\/\/www.gutenbergmachines.com\/de\/wp-json\/wp\/v2\/pages\/1704\/revisions"}],"wp:attachment":[{"href":"https:\/\/www.gutenbergmachines.com\/de\/wp-json\/wp\/v2\/media?parent=1704"}],"curies":[{"name":"wp","href":"https:\/\/api.w.org\/{rel}","templated":true}]}}