{"id":1707,"date":"2021-08-19T08:44:16","date_gmt":"2021-08-19T08:44:16","guid":{"rendered":"http:\/\/gutenberg.pressxchangeweb.com\/disclaimer"},"modified":"2021-11-29T11:05:58","modified_gmt":"2021-11-29T11:05:58","slug":"haftungsausschluss","status":"publish","type":"page","link":"https:\/\/www.gutenbergmachines.com\/de\/haftungsausschluss","title":{"rendered":"Haftungsausschluss"},"content":{"rendered":"<!-- Legal document generated by Complianz | GDPR\/CCPA Cookie Consent https:\/\/wordpress.org\/plugins\/complianz-gdpr -->\n<div id=\"cmplz-document\" class=\"cmplz-document disclaimer cmplz-document-all\"><p>Gutenberg Grafische Machines B.V. is committed to keeping this website up to date and accurate. Should you nevertheless encounter anything that is incorrect or out of date, we would appreciate it if you could let us know. Please indicate where on the website you read the information. We will then look at this as soon as possible. Please send your response by email to: <span class=\"cmplz-obfuscate\">&#105;nfo@<span class=\"cmplz-fmail-domain\">&#101;x&#046;c&#111;&#109;<\/span>g&#117;&#116;&#101;nbe&#114;&#103;m&#097;&#099;&#104;i&#110;&#101;s&#046;c&#111;m<\/span>.<\/p><p>Alle personenbezogenen Daten, die Sie uns im Rahmen Ihrer Antwort oder Informationsanfrage \u00fcbermitteln, werden ausschlie\u00dflich gem\u00e4\u00df unserer Datenschutzrichtlinie verwendet.<\/p><p>Gutenberg Grafische Machines BV unternimmt alle angemessenen Anstrengungen, um seine Systeme vor jeglicher Form der unrechtm\u00e4\u00dfigen Nutzung zu sch\u00fctzen. Gutenberg Grafische Machines BV setzt zu diesem Zweck geeignete technische und organisatorische Ma\u00dfnahmen um, die unter anderem den aktuellen Stand der Technik ber\u00fccksichtigen. Sie haftet jedoch nicht f\u00fcr direkte und\/oder indirekte Verluste jeglicher Art, die einem Benutzer der Website entstehen und die sich aus der unrechtm\u00e4\u00dfigen Nutzung ihrer Systeme durch Dritte ergeben.<\/p><p>Gutenberg Grafische Machines BV \u00fcbernimmt keine Verantwortung f\u00fcr den Inhalt von Websites, zu denen oder von denen ein Hyperlink oder eine andere Referenz f\u00fchrt. Von Dritten angebotene Produkte oder Dienstleistungen unterliegen den jeweils geltenden Gesch\u00e4ftsbedingungen dieser Dritten.<\/p><p>Alle geistigen Eigentumsrechte an Inhalten dieser Website liegen bei Dritten, die die Inhalte selbst platziert haben oder von denen Gutenberg Grafische Machines BV eine Benutzerlizenz erhalten hat.<\/p><p>Das Kopieren, Verbreiten oder jegliche andere Verwendung dieser Materialien ist ohne die schriftliche Erlaubnis von Gutenberg Grafische Machines BV nicht gestattet, sofern in den zwingenden gesetzlichen Bestimmungen (wie etwa dem Zitatrecht) nichts anderes bestimmt ist oder der spezifische Inhalt nichts anderes vorschreibt.<\/p><p>Bei Fragen oder Problemen mit der Erreichbarkeit der Website k\u00f6nnen Sie sich jederzeit gerne an uns wenden.<\/p><\/div>","protected":false},"excerpt":{"rendered":"","protected":false},"author":5,"featured_media":0,"parent":0,"menu_order":0,"comment_status":"closed","ping_status":"closed","template":"","meta":{"_acf_changed":false,"_joinchat":[],"footnotes":""},"class_list":["post-1707","page","type-page","status-publish","hentry"],"acf":[],"yoast_head":"<!-- This site is optimized with the Yoast SEO plugin v25.7 - https:\/\/yoast.com\/wordpress\/plugins\/seo\/ -->\n<title>Gutenberg Grafische Machines B.V.<\/title>\n<meta name=\"robots\" content=\"index, follow, max-snippet:-1, max-image-preview:large, max-video-preview:-1\" \/>\n<link rel=\"canonical\" href=\"https:\/\/www.gutenbergmachines.com\/de\/haftungsausschluss\/\" \/>\n<meta property=\"og:locale\" content=\"de_DE\" \/>\n<meta property=\"og:type\" content=\"article\" \/>\n<meta property=\"og:title\" content=\"Disclaimer | Gutenberg Grafische Machines B.V.\" \/>\n<meta property=\"og:url\" content=\"https:\/\/www.gutenbergmachines.com\/de\/haftungsausschluss\/\" \/>\n<meta property=\"og:site_name\" content=\"Gutenberg Grafische Machines B.V.\" \/>\n<meta property=\"article:publisher\" content=\"https:\/\/www.facebook.com\/gutenbergprintingmachines\/\" \/>\n<meta property=\"article:modified_time\" content=\"2021-11-29T11:05:58+00:00\" \/>\n<meta name=\"twitter:card\" content=\"summary_large_image\" \/>\n<meta name=\"twitter:site\" content=\"@gutenbergmachi1\" \/>\n<meta name=\"twitter:label1\" content=\"Gesch\u00e4tzte Lesezeit\" \/>\n\t<meta name=\"twitter:data1\" content=\"1\u00a0Minute\" \/>\n<script type=\"application\/ld+json\" class=\"yoast-schema-graph\">{\"@context\":\"https:\/\/schema.org\",\"@graph\":[{\"@type\":\"WebPage\",\"@id\":\"https:\/\/www.gutenbergmachines.com\/ru\/disclaimer\",\"url\":\"https:\/\/www.gutenbergmachines.com\/ru\/disclaimer\",\"name\":\"Disclaimer | Gutenberg Grafische Machines B.V.\",\"isPartOf\":{\"@id\":\"https:\/\/www.gutenbergmachines.com\/#website\"},\"datePublished\":\"2021-08-19T08:44:16+00:00\",\"dateModified\":\"2021-11-29T11:05:58+00:00\",\"breadcrumb\":{\"@id\":\"https:\/\/www.gutenbergmachines.com\/ru\/disclaimer#breadcrumb\"},\"inLanguage\":\"de\",\"potentialAction\":[{\"@type\":\"ReadAction\",\"target\":[\"https:\/\/www.gutenbergmachines.com\/ru\/disclaimer\"]}]},{\"@type\":\"BreadcrumbList\",\"@id\":\"https:\/\/www.gutenbergmachines.com\/ru\/disclaimer#breadcrumb\",\"itemListElement\":[{\"@type\":\"ListItem\",\"position\":1,\"name\":\"Home\",\"item\":\"https:\/\/www.gutenbergmachines.com\/\"},{\"@type\":\"ListItem\",\"position\":2,\"name\":\"Disclaimer\"}]},{\"@type\":\"WebSite\",\"@id\":\"https:\/\/www.gutenbergmachines.com\/#website\",\"url\":\"https:\/\/www.gutenbergmachines.com\/\",\"name\":\"Gutenberg Grafische Machines B.V.\",\"description\":\"Used Printing Machines\",\"publisher\":{\"@id\":\"https:\/\/www.gutenbergmachines.com\/#organization\"},\"potentialAction\":[{\"@type\":\"SearchAction\",\"target\":{\"@type\":\"EntryPoint\",\"urlTemplate\":\"https:\/\/www.gutenbergmachines.com\/?s={search_term_string}\"},\"query-input\":{\"@type\":\"PropertyValueSpecification\",\"valueRequired\":true,\"valueName\":\"search_term_string\"}}],\"inLanguage\":\"de\"},{\"@type\":\"Organization\",\"@id\":\"https:\/\/www.gutenbergmachines.com\/#organization\",\"name\":\"GUTENBERG GRAFISCHE MACHINES\",\"url\":\"https:\/\/www.gutenbergmachines.com\/\",\"logo\":{\"@type\":\"ImageObject\",\"inLanguage\":\"de\",\"@id\":\"https:\/\/www.gutenbergmachines.com\/#\/schema\/logo\/image\/\",\"url\":\"https:\/\/www.gutenbergmachines.com\/wp-content\/uploads\/2021\/12\/Gutenburg_Logo_500_white.png\",\"contentUrl\":\"https:\/\/www.gutenbergmachines.com\/wp-content\/uploads\/2021\/12\/Gutenburg_Logo_500_white.png\",\"width\":500,\"height\":95,\"caption\":\"GUTENBERG GRAFISCHE MACHINES\"},\"image\":{\"@id\":\"https:\/\/www.gutenbergmachines.com\/#\/schema\/logo\/image\/\"},\"sameAs\":[\"https:\/\/www.facebook.com\/gutenbergprintingmachines\/\",\"https:\/\/x.com\/gutenbergmachi1\",\"https:\/\/www.linkedin.com\/company\/gutenberg-machines\/\",\"https:\/\/www.youtube.com\/channel\/UCYy3jPCn2CalwkxJCCGg7mQ\"]}]}<\/script>\n<!-- \/ Yoast SEO plugin. -->","yoast_head_json":{"title":"Gutenberg Grafische Machines BV","robots":{"index":"index","follow":"follow","max-snippet":"max-snippet:-1","max-image-preview":"max-image-preview:large","max-video-preview":"max-video-preview:-1"},"canonical":"https:\/\/www.gutenbergmachines.com\/de\/haftungsausschluss\/","og_locale":"de_DE","og_type":"article","og_title":"Disclaimer | Gutenberg Grafische Machines B.V.","og_url":"https:\/\/www.gutenbergmachines.com\/de\/haftungsausschluss\/","og_site_name":"Gutenberg Grafische Machines B.V.","article_publisher":"https:\/\/www.facebook.com\/gutenbergprintingmachines\/","article_modified_time":"2021-11-29T11:05:58+00:00","twitter_card":"summary_large_image","twitter_site":"@gutenbergmachi1","twitter_misc":{"Gesch\u00e4tzte Lesezeit":"1\u00a0Minute"},"schema":{"@context":"https:\/\/schema.org","@graph":[{"@type":"WebPage","@id":"https:\/\/www.gutenbergmachines.com\/ru\/disclaimer","url":"https:\/\/www.gutenbergmachines.com\/ru\/disclaimer","name":"Haftungsausschluss | Gutenberg Grafische Machines BV","isPartOf":{"@id":"https:\/\/www.gutenbergmachines.com\/#website"},"datePublished":"2021-08-19T08:44:16+00:00","dateModified":"2021-11-29T11:05:58+00:00","breadcrumb":{"@id":"https:\/\/www.gutenbergmachines.com\/ru\/disclaimer#breadcrumb"},"inLanguage":"de","potentialAction":[{"@type":"ReadAction","target":["https:\/\/www.gutenbergmachines.com\/ru\/disclaimer"]}]},{"@type":"BreadcrumbList","@id":"https:\/\/www.gutenbergmachines.com\/ru\/disclaimer#breadcrumb","itemListElement":[{"@type":"ListItem","position":1,"name":"Home","item":"https:\/\/www.gutenbergmachines.com\/"},{"@type":"ListItem","position":2,"name":"Disclaimer"}]},{"@type":"WebSite","@id":"https:\/\/www.gutenbergmachines.com\/#website","url":"https:\/\/www.gutenbergmachines.com\/","name":"Gutenberg Grafische Machines BV","description":"Gebrauchte Druckmaschinen","publisher":{"@id":"https:\/\/www.gutenbergmachines.com\/#organization"},"potentialAction":[{"@type":"SearchAction","target":{"@type":"EntryPoint","urlTemplate":"https:\/\/www.gutenbergmachines.com\/?s={search_term_string}"},"query-input":{"@type":"PropertyValueSpecification","valueRequired":true,"valueName":"search_term_string"}}],"inLanguage":"de"},{"@type":"Organization","@id":"https:\/\/www.gutenbergmachines.com\/#organization","name":"GUTENBERG GRAFISCHE MASCHINEN","url":"https:\/\/www.gutenbergmachines.com\/","logo":{"@type":"ImageObject","inLanguage":"de","@id":"https:\/\/www.gutenbergmachines.com\/#\/schema\/logo\/image\/","url":"https:\/\/www.gutenbergmachines.com\/wp-content\/uploads\/2021\/12\/Gutenburg_Logo_500_white.png","contentUrl":"https:\/\/www.gutenbergmachines.com\/wp-content\/uploads\/2021\/12\/Gutenburg_Logo_500_white.png","width":500,"height":95,"caption":"GUTENBERG GRAFISCHE MACHINES"},"image":{"@id":"https:\/\/www.gutenbergmachines.com\/#\/schema\/logo\/image\/"},"sameAs":["https:\/\/www.facebook.com\/gutenbergprintingmachines\/","https:\/\/x.com\/gutenbergmachi1","https:\/\/www.linkedin.com\/company\/gutenberg-machines\/","https:\/\/www.youtube.com\/channel\/UCYy3jPCn2CalwkxJCCGg7mQ"]}]}},"jetpack_sharing_enabled":true,"_links":{"self":[{"href":"https:\/\/www.gutenbergmachines.com\/de\/wp-json\/wp\/v2\/pages\/1707","targetHints":{"allow":["GET"]}}],"collection":[{"href":"https:\/\/www.gutenbergmachines.com\/de\/wp-json\/wp\/v2\/pages"}],"about":[{"href":"https:\/\/www.gutenbergmachines.com\/de\/wp-json\/wp\/v2\/types\/page"}],"author":[{"embeddable":true,"href":"https:\/\/www.gutenbergmachines.com\/de\/wp-json\/wp\/v2\/users\/5"}],"replies":[{"embeddable":true,"href":"https:\/\/www.gutenbergmachines.com\/de\/wp-json\/wp\/v2\/comments?post=1707"}],"version-history":[{"count":0,"href":"https:\/\/www.gutenbergmachines.com\/de\/wp-json\/wp\/v2\/pages\/1707\/revisions"}],"wp:attachment":[{"href":"https:\/\/www.gutenbergmachines.com\/de\/wp-json\/wp\/v2\/media?parent=1707"}],"curies":[{"name":"wp","href":"https:\/\/api.w.org\/{rel}","templated":true}]}}