{"id":1695,"date":"2021-08-19T08:44:14","date_gmt":"2021-08-19T08:44:14","guid":{"rendered":"http:\/\/gutenberg.pressxchangeweb.com\/privacy-statement-eu"},"modified":"2023-05-10T13:11:48","modified_gmt":"2023-05-10T13:11:48","slug":"declaracion-de-privacidad-eu","status":"publish","type":"page","link":"https:\/\/www.gutenbergmachines.com\/es\/declaracion-de-privacidad-eu","title":{"rendered":"Declaraci\u00f3n de privacidad (UE)"},"content":{"rendered":"<h3 class=\"wp-block-heading\">VEA NUESTRAS POL\u00cdTICAS DE PRIVACIDAD PARA OTRAS REGIONES Y PA\u00cdSES:<\/h3><ul class=\"wp-block-list\"><li><a href=\"https:\/\/www.gutenbergmachines.com\/es\/declaracion-de-privacidad-es\/\">Declaraci\u00f3n de privacidad (Reino Unido)<\/a><\/li>\n\n<li><a href=\"\/es\/declaracion-de-privacidad-nosotros\/\">Declaraci\u00f3n de privacidad (EE. UU.)<\/a><\/li>\n\n<li><a href=\"\/es\/declaracion-de-privacidad-ca\/\">Declaraci\u00f3n de privacidad (CA)<\/a><\/li>\n\n<li><a href=\"\/es\/declaracion-de-privacidad-au\/\">Declaraci\u00f3n de privacidad (AU)<\/a><\/li>\n\n<li><a href=\"\/es\/declaracion-de-privacidad-za\/\">Declaraci\u00f3n de privacidad (ES)<\/a><\/li><\/ul>\n<!-- Legal document generated by Complianz | GDPR\/CCPA Cookie Consent https:\/\/wordpress.org\/plugins\/complianz-gdpr -->\n<div id=\"cmplz-document\" class=\"cmplz-document privacy-statement cmplz-document-eu\"><p><i>This privacy statement was last updated on febrero 12, 2024 and applies to citizens and legal permanent residents of the European Economic Area and Switzerland.<\/i><br \/><br \/><\/p><p><p>En esta declaraci\u00f3n de privacidad, explicamos qu\u00e9 hacemos con los datos que obtenemos sobre usted a trav\u00e9s de <a href=\"https:\/\/www.gutenbergmachines.com\/es\">https:\/\/www.gutenbergmachines.com\/es<\/a>. Le recomendamos que lea atentamente esta declaraci\u00f3n. En nuestro procesamiento cumplimos con los requisitos de la legislaci\u00f3n de privacidad. Eso significa, entre otras cosas, que:<\/p><ul>\n                <li>establecemos claramente los fines para los que procesamos los datos personales. Hacemos esto por medio de esta declaraci\u00f3n de privacidad;<\/li>\n                <li>nuestro objetivo es limitar nuestra recopilaci\u00f3n de datos personales solo a los datos personales necesarios para fines leg\u00edtimos;<\/li>\n                <li>primero solicitamos su consentimiento expl\u00edcito para procesar sus datos personales en los casos que requieran su consentimiento;<\/li>\n                <li>tomamos las medidas de seguridad adecuadas para proteger sus datos personales y tambi\u00e9n se lo solicitamos a las partes que procesan datos personales en nuestro nombre;<\/li>\n                <li>respetamos su derecho a acceder a sus datos personales o corregirlos o eliminarlos, a petici\u00f3n suya.<\/li>\n            <\/ul><p>Si tiene alguna pregunta o desea saber exactamente qu\u00e9 datos suyos conservamos, p\u00f3ngase en contacto con nosotros.<\/p><\/p><h2>1. Finalidad, datos y plazo de conservaci\u00f3n<\/h2>Podemos recopilar o recibir informaci\u00f3n personal para diversos fines relacionados con nuestras operaciones comerciales, que pueden incluir los siguientes: (haga clic para expandir)<details class=\"cmplz-dropdown dropdown-privacy-statement\"><summary><div><h3>1.1 Contacto \u2013 A trav\u00e9s de tel\u00e9fono, correo postal, correo electr\u00f3nico y\/o formularios web<\/h3><\/div><\/summary><p class=\"cmplz-subtitle\">Para este fin utilizamos los siguientes datos:<\/p><p><ul><li>Un nombre y apellido<\/li><li>Una casa u otra direcci\u00f3n f\u00edsica, incluido el nombre de la calle y el nombre de una ciudad o pueblo.<\/li><li>Una direcci\u00f3n de correo electr\u00f3nico<\/li><li>Un n\u00famero de tel\u00e9fono<\/li><li>Informaci\u00f3n de actividad de Internet, que incluye, entre otros, el historial de navegaci\u00f3n, el historial de b\u00fasqueda e informaci\u00f3n sobre la interacci\u00f3n de un consumidor con un sitio web, una aplicaci\u00f3n o un anuncio de Internet.<\/li><li>Datos de geolocalizaci\u00f3n<\/li><li>Fotos<\/li><li>Cuentas de redes sociales<\/li><\/ul><\/p><p class=\"cmplz-subtitle\">La base sobre la que podemos tratar estos datos es:<\/p><p><a target=\"_blank\" rel=\"noopener noreferrer nofollow\" href=\"https:\/\/cookiedatabase.org\/legal-bases\/#agreement\">Sea necesario para la ejecuci\u00f3n de un contrato o tr\u00e1mites preliminares relacionados con un contrato en el que el interesado es parte. <\/a><\/p><p class=\"cmplz-subtitle\">Per\u00edodo de retenci\u00f3n<\/p><p>Conservamos estos datos hasta que finalice el servicio.<\/p><\/details><details class=\"cmplz-dropdown dropdown-privacy-statement\"><summary><div><h3>1.2 Pagos<\/h3><\/div><\/summary><p class=\"cmplz-subtitle\">Para este fin utilizamos los siguientes datos:<\/p><p><ul><li>Un nombre y apellido<\/li><li>Una casa u otra direcci\u00f3n f\u00edsica, incluido el nombre de la calle y el nombre de una ciudad o pueblo.<\/li><li>Una direcci\u00f3n de correo electr\u00f3nico<\/li><li>Un n\u00famero de tel\u00e9fono<\/li><li>Informaci\u00f3n financiera como n\u00famero de cuenta bancaria o n\u00famero de tarjeta de cr\u00e9dito<\/li><li>Datos de geolocalizaci\u00f3n<\/li><\/ul><\/p><p class=\"cmplz-subtitle\">La base sobre la que podemos tratar estos datos es:<\/p><p><a target=\"_blank\" rel=\"noopener noreferrer nofollow\" href=\"https:\/\/cookiedatabase.org\/legal-bases\/#agreement\">Sea necesario para la ejecuci\u00f3n de un contrato o tr\u00e1mites preliminares relacionados con un contrato en el que el interesado es parte. <\/a><\/p><p class=\"cmplz-subtitle\">Per\u00edodo de retenci\u00f3n<\/p><p>Conservamos estos datos hasta que finalice el servicio.<\/p><\/details><details class=\"cmplz-dropdown dropdown-privacy-statement\"><summary><div><h3>1.3 Boletines informativos<\/h3><\/div><\/summary><p class=\"cmplz-subtitle\">Para este fin utilizamos los siguientes datos:<\/p><p><ul><li>Un nombre y apellido<\/li><li>Una casa u otra direcci\u00f3n f\u00edsica, incluido el nombre de la calle y el nombre de una ciudad o pueblo.<\/li><li>Una direcci\u00f3n de correo electr\u00f3nico<\/li><li>Un n\u00famero de tel\u00e9fono<\/li><\/ul><\/p><p class=\"cmplz-subtitle\">La base sobre la que podemos tratar estos datos es:<\/p><p><a target=\"_blank\" rel=\"noopener noreferrer nofollow\" href=\"https:\/\/cookiedatabase.org\/legal-bases\/#consent\">Previa prestaci\u00f3n del consentimiento.<\/a><\/p><p class=\"cmplz-subtitle\">Per\u00edodo de retenci\u00f3n<\/p><p>Conservamos estos datos hasta que finalice el servicio.<\/p><\/details><details class=\"cmplz-dropdown dropdown-privacy-statement\"><summary><div><h3>1.4 Para respaldar servicios o productos que un cliente desea comprar o ha comprado<\/h3><\/div><\/summary><p class=\"cmplz-subtitle\">Para este fin utilizamos los siguientes datos:<\/p><p><ul><li>Un nombre y apellido<\/li><li>Una casa u otra direcci\u00f3n f\u00edsica, incluido el nombre de la calle y el nombre de una ciudad o pueblo.<\/li><li>Una direcci\u00f3n de correo electr\u00f3nico<\/li><li>Un n\u00famero de tel\u00e9fono<\/li><\/ul><\/p><p class=\"cmplz-subtitle\">La base sobre la que podemos tratar estos datos es:<\/p><p><a target=\"_blank\" rel=\"noopener noreferrer nofollow\" href=\"https:\/\/cookiedatabase.org\/legal-bases\/#agreement\">Sea necesario para la ejecuci\u00f3n de un contrato o tr\u00e1mites preliminares relacionados con un contrato en el que el interesado es parte. <\/a><\/p><p class=\"cmplz-subtitle\">Per\u00edodo de retenci\u00f3n<\/p><p>Conservamos estos datos hasta que finalice el servicio.<\/p><\/details><details class=\"cmplz-dropdown dropdown-privacy-statement\"><summary><div><h3>1.5 Recopilar y analizar estad\u00edsticas para la mejora del sitio web.<\/h3><\/div><\/summary><p class=\"cmplz-subtitle\">Para este fin utilizamos los siguientes datos:<\/p><p><ul><li>Direcci\u00f3n IP<\/li><li>Informaci\u00f3n de actividad de Internet, que incluye, entre otros, el historial de navegaci\u00f3n, el historial de b\u00fasqueda e informaci\u00f3n sobre la interacci\u00f3n de un consumidor con un sitio web, una aplicaci\u00f3n o un anuncio de Internet.<\/li><li>Datos de geolocalizaci\u00f3n<\/li><\/ul><\/p><p class=\"cmplz-subtitle\">La base sobre la que podemos tratar estos datos es:<\/p><p><a target=\"_blank\" rel=\"noopener noreferrer nofollow\" href=\"https:\/\/cookiedatabase.org\/legal-bases\/#legitimate\">Sea necesario para los fines de los intereses leg\u00edtimos perseguidos por el responsable del tratamiento o por un tercero, y dicho inter\u00e9s prevalezca sobre el inter\u00e9s del interesado.<\/a><\/p><p class=\"cmplz-subtitle\">Per\u00edodo de retenci\u00f3n<\/p><p>Conservamos estos datos hasta que finalice el servicio.<\/p><\/details><details class=\"cmplz-dropdown dropdown-privacy-statement\"><summary><div><h3>1.6 Entregas<\/h3><\/div><\/summary><p class=\"cmplz-subtitle\">Para este fin utilizamos los siguientes datos:<\/p><p><ul><li>Un nombre y apellido<\/li><li>Una casa u otra direcci\u00f3n f\u00edsica, incluido el nombre de la calle y el nombre de una ciudad o pueblo.<\/li><li>Una direcci\u00f3n de correo electr\u00f3nico<\/li><li>Un n\u00famero de tel\u00e9fono<\/li><li>Datos de geolocalizaci\u00f3n<\/li><\/ul><\/p><p class=\"cmplz-subtitle\">La base sobre la que podemos tratar estos datos es:<\/p><p><a target=\"_blank\" rel=\"noopener noreferrer nofollow\" href=\"https:\/\/cookiedatabase.org\/legal-bases\/#agreement\">Sea necesario para la ejecuci\u00f3n de un contrato o tr\u00e1mites preliminares relacionados con un contrato en el que el interesado es parte. <\/a><\/p><p class=\"cmplz-subtitle\">Per\u00edodo de retenci\u00f3n<\/p><p>Conservamos estos datos hasta que finalice el servicio.<\/p><\/details><h2>2. Compartir con otras partes<\/h2><p>Solo compartimos o divulgamos estos datos a los procesadores para los siguientes prop\u00f3sitos:<\/p><p class=\"cmplz-subtitle\">Procesadores<\/p><p><b>Nombre:<\/b>&nbsp;PXC Digital S.L.<br \/>\n            <b>Pa\u00eds:<\/b>&nbsp;Reino Unido<br \/>\n            <b>Objetivo:<\/b>&nbsp;Desarrolladores de software<br \/>\n            <\/p><h2>3. Galletas<\/h2><p>Nuestro sitio web utiliza cookies. Para obtener m\u00e1s informaci\u00f3n acerca de las cookies, consulte nuestro <a href=\"https:\/\/www.gutenbergmachines.com\/es\/politica-de-cookies-eu\">Pol\u00edtica de cookies<\/a>.&nbsp;<\/p><h2>4. Pr\u00e1cticas de divulgaci\u00f3n<\/h2><p><p>Divulgamos informaci\u00f3n personal si estamos obligados por ley o por una orden judicial, en respuesta a una agencia de aplicaci\u00f3n de la ley, en la medida permitida por otras disposiciones de la ley, para proporcionar informaci\u00f3n o para una investigaci\u00f3n sobre un asunto relacionado con la seguridad p\u00fablica.<\/p><p>Si nuestro sitio web u organizaci\u00f3n es absorbido, vendido o involucrado en una fusi\u00f3n o adquisici\u00f3n, sus datos pueden divulgarse a nuestros asesores y posibles compradores y se transmitir\u00e1n a los nuevos propietarios.<\/p><\/p><h2>5. Seguridad<\/h2><p>Estamos comprometidos con la seguridad de los datos personales. Tomamos las medidas de seguridad adecuadas para limitar el abuso y el acceso no autorizado a los datos personales. Esto garantiza que solo las personas necesarias tengan acceso a sus datos, que el acceso a los datos est\u00e9 protegido y que nuestras medidas de seguridad se revisen peri\u00f3dicamente.<\/p><h2>6. Sitios web de terceros<\/h2><p>Esta declaraci\u00f3n de privacidad no se aplica a los sitios web de terceros conectados por enlaces en nuestro sitio web. No podemos garantizar que estos terceros manejen sus datos personales de manera confiable o segura. Le recomendamos que lea las declaraciones de privacidad de estos sitios web antes de hacer uso de estos sitios web.<\/p><h2>7. Modificaciones a esta declaraci\u00f3n de privacidad<\/h2><p>Nos reservamos el derecho de hacer modificaciones a esta declaraci\u00f3n de privacidad. Se recomienda que consulte esta declaraci\u00f3n de privacidad regularmente para estar al tanto de cualquier cambio. Adem\u00e1s, le informaremos activamente siempre que sea posible.<\/p><h2>8. Acceso y modificaci\u00f3n de sus datos<\/h2><p>Si tiene alguna pregunta o desea saber qu\u00e9 datos personales tenemos sobre usted, comun\u00edquese con nosotros. Puede ponerse en contacto con nosotros utilizando la siguiente informaci\u00f3n. Tiene los siguientes derechos:<\/p><ul>\n                <li>Tiene derecho a saber por qu\u00e9 se necesitan sus datos personales, qu\u00e9 suceder\u00e1 con ellos y durante cu\u00e1nto tiempo se conservar\u00e1n.<\/li>\n                <li>Derecho de acceso: Tiene derecho a acceder a sus datos personales que conocemos.<\/li>\n                <li>Derecho de rectificaci\u00f3n: tiene derecho a que se complementen, corrijan, eliminen o bloqueen sus datos personales cuando lo deseen.<\/li>\n                <li>Si nos da su consentimiento para procesar sus datos, tiene derecho a revocar ese consentimiento y a que se eliminen sus datos personales.<\/li>\n                <li>Derecho a transferir sus datos: tiene derecho a solicitar todos sus datos personales al controlador y transferirlos en su totalidad a otro controlador.<\/li>\n                <li>Derecho de oposici\u00f3n: puede oponerse al tratamiento de sus datos. Cumplimos con esto, a menos que existan motivos justificados para el procesamiento.<\/li>\n            <\/ul><p>Aseg\u00farese de indicar siempre claramente qui\u00e9n es usted, para que podamos estar seguros de que no modificamos ni eliminamos ning\u00fan dato de la persona equivocada.<\/p><h2>9. Presentar una queja<\/h2><p>Si no est\u00e1 satisfecho con la forma en que manejamos (una queja sobre) el procesamiento de sus datos personales, tiene derecho a presentar una queja ante la Autoridad de Protecci\u00f3n de Datos.<\/p><h2>10. Datos de contacto<\/h2><p>Gutenberg Grafische Machines BV<br \/>\n        Siriusdreef 17-27-2132 WT<br \/>\r\nHoofddorp - Pa\u00edses Bajos<br \/>\n        Pa\u00edses Bajos<br \/>\n        Sitio web: <a href=\"https:\/\/www.gutenbergmachines.com\/es\">https:\/\/www.gutenbergmachines.com\/es<\/a> <br \/>\n        Correo electr\u00f3nico: <span class=\"cmplz-obfuscate\">&#105;n&#102;&#111;@<span class=\"cmplz-fmail-domain\">&#101;&#120;.&#099;&#111;m<\/span>&#103;&#117;t&#101;nbe&#114;gmachine&#115;&#046;co&#109;<\/span> <br \/>\n        N\u00famero de tel\u00e9fono: +31 630074407<\/p><\/div>","protected":false},"excerpt":{"rendered":"<p>VEA NUESTRAS POL\u00cdTICAS DE PRIVACIDAD PARA OTRAS REGIONES Y PA\u00cdSES:<\/p>","protected":false},"author":5,"featured_media":0,"parent":0,"menu_order":0,"comment_status":"closed","ping_status":"closed","template":"","meta":{"_acf_changed":false,"_joinchat":[],"footnotes":""},"class_list":["post-1695","page","type-page","status-publish","hentry"],"acf":[],"yoast_head":"<!-- This site is optimized with the Yoast SEO plugin v25.7 - https:\/\/yoast.com\/wordpress\/plugins\/seo\/ -->\n<title>Gutenberg Grafische Machines B.V.<\/title>\n<meta name=\"robots\" content=\"index, follow, max-snippet:-1, max-image-preview:large, max-video-preview:-1\" \/>\n<link rel=\"canonical\" href=\"https:\/\/www.gutenbergmachines.com\/es\/declaracion-de-privacidad-eu\" \/>\n<meta property=\"og:locale\" content=\"es_ES\" \/>\n<meta property=\"og:type\" content=\"article\" \/>\n<meta property=\"og:title\" content=\"Privacy Statement (EU) | Gutenberg Grafische Machines B.V.\" \/>\n<meta property=\"og:description\" content=\"VIEW OUR PRIVACY POLICIES FOR OTHER REGIONS AND COUNTRIES:\" \/>\n<meta property=\"og:url\" content=\"https:\/\/www.gutenbergmachines.com\/es\/declaracion-de-privacidad-eu\" \/>\n<meta property=\"og:site_name\" content=\"Gutenberg Grafische Machines B.V.\" \/>\n<meta property=\"article:publisher\" content=\"https:\/\/www.facebook.com\/gutenbergprintingmachines\/\" \/>\n<meta property=\"article:modified_time\" content=\"2023-05-10T13:11:48+00:00\" \/>\n<meta name=\"twitter:card\" content=\"summary_large_image\" \/>\n<meta name=\"twitter:site\" content=\"@gutenbergmachi1\" \/>\n<meta name=\"twitter:label1\" content=\"Tiempo de lectura\" \/>\n\t<meta name=\"twitter:data1\" content=\"1 minuto\" \/>\n<script type=\"application\/ld+json\" class=\"yoast-schema-graph\">{\"@context\":\"https:\/\/schema.org\",\"@graph\":[{\"@type\":\"WebPage\",\"@id\":\"https:\/\/www.gutenbergmachines.com\/privacy-policy\",\"url\":\"https:\/\/www.gutenbergmachines.com\/privacy-policy\",\"name\":\"Privacy Statement (EU) | Gutenberg Grafische Machines B.V.\",\"isPartOf\":{\"@id\":\"https:\/\/www.gutenbergmachines.com\/#website\"},\"datePublished\":\"2021-08-19T08:44:14+00:00\",\"dateModified\":\"2023-05-10T13:11:48+00:00\",\"breadcrumb\":{\"@id\":\"https:\/\/www.gutenbergmachines.com\/privacy-policy#breadcrumb\"},\"inLanguage\":\"es\",\"potentialAction\":[{\"@type\":\"ReadAction\",\"target\":[\"https:\/\/www.gutenbergmachines.com\/privacy-policy\"]}]},{\"@type\":\"BreadcrumbList\",\"@id\":\"https:\/\/www.gutenbergmachines.com\/privacy-policy#breadcrumb\",\"itemListElement\":[{\"@type\":\"ListItem\",\"position\":1,\"name\":\"Home\",\"item\":\"https:\/\/www.gutenbergmachines.com\/\"},{\"@type\":\"ListItem\",\"position\":2,\"name\":\"Privacy Statement (EU)\"}]},{\"@type\":\"WebSite\",\"@id\":\"https:\/\/www.gutenbergmachines.com\/#website\",\"url\":\"https:\/\/www.gutenbergmachines.com\/\",\"name\":\"Gutenberg Grafische Machines B.V.\",\"description\":\"Used Printing Machines\",\"publisher\":{\"@id\":\"https:\/\/www.gutenbergmachines.com\/#organization\"},\"potentialAction\":[{\"@type\":\"SearchAction\",\"target\":{\"@type\":\"EntryPoint\",\"urlTemplate\":\"https:\/\/www.gutenbergmachines.com\/?s={search_term_string}\"},\"query-input\":{\"@type\":\"PropertyValueSpecification\",\"valueRequired\":true,\"valueName\":\"search_term_string\"}}],\"inLanguage\":\"es\"},{\"@type\":\"Organization\",\"@id\":\"https:\/\/www.gutenbergmachines.com\/#organization\",\"name\":\"GUTENBERG GRAFISCHE MACHINES\",\"url\":\"https:\/\/www.gutenbergmachines.com\/\",\"logo\":{\"@type\":\"ImageObject\",\"inLanguage\":\"es\",\"@id\":\"https:\/\/www.gutenbergmachines.com\/#\/schema\/logo\/image\/\",\"url\":\"https:\/\/www.gutenbergmachines.com\/wp-content\/uploads\/2021\/12\/Gutenburg_Logo_500_white.png\",\"contentUrl\":\"https:\/\/www.gutenbergmachines.com\/wp-content\/uploads\/2021\/12\/Gutenburg_Logo_500_white.png\",\"width\":500,\"height\":95,\"caption\":\"GUTENBERG GRAFISCHE MACHINES\"},\"image\":{\"@id\":\"https:\/\/www.gutenbergmachines.com\/#\/schema\/logo\/image\/\"},\"sameAs\":[\"https:\/\/www.facebook.com\/gutenbergprintingmachines\/\",\"https:\/\/x.com\/gutenbergmachi1\",\"https:\/\/www.linkedin.com\/company\/gutenberg-machines\/\",\"https:\/\/www.youtube.com\/channel\/UCYy3jPCn2CalwkxJCCGg7mQ\"]}]}<\/script>\n<!-- \/ Yoast SEO plugin. -->","yoast_head_json":{"title":"Gutenberg Grafische Machines BV","robots":{"index":"index","follow":"follow","max-snippet":"max-snippet:-1","max-image-preview":"max-image-preview:large","max-video-preview":"max-video-preview:-1"},"canonical":"https:\/\/www.gutenbergmachines.com\/es\/declaracion-de-privacidad-eu","og_locale":"es_ES","og_type":"article","og_title":"Privacy Statement (EU) | Gutenberg Grafische Machines B.V.","og_description":"VIEW OUR PRIVACY POLICIES FOR OTHER REGIONS AND COUNTRIES:","og_url":"https:\/\/www.gutenbergmachines.com\/es\/declaracion-de-privacidad-eu","og_site_name":"Gutenberg Grafische Machines B.V.","article_publisher":"https:\/\/www.facebook.com\/gutenbergprintingmachines\/","article_modified_time":"2023-05-10T13:11:48+00:00","twitter_card":"summary_large_image","twitter_site":"@gutenbergmachi1","twitter_misc":{"Tiempo de lectura":"1 minuto"},"schema":{"@context":"https:\/\/schema.org","@graph":[{"@type":"WebPage","@id":"https:\/\/www.gutenbergmachines.com\/privacy-policy","url":"https:\/\/www.gutenbergmachines.com\/privacy-policy","name":"Declaraci\u00f3n de privacidad (UE) | Gutenberg Grafische Machines BV","isPartOf":{"@id":"https:\/\/www.gutenbergmachines.com\/#website"},"datePublished":"2021-08-19T08:44:14+00:00","dateModified":"2023-05-10T13:11:48+00:00","breadcrumb":{"@id":"https:\/\/www.gutenbergmachines.com\/privacy-policy#breadcrumb"},"inLanguage":"es","potentialAction":[{"@type":"ReadAction","target":["https:\/\/www.gutenbergmachines.com\/privacy-policy"]}]},{"@type":"BreadcrumbList","@id":"https:\/\/www.gutenbergmachines.com\/privacy-policy#breadcrumb","itemListElement":[{"@type":"ListItem","position":1,"name":"Home","item":"https:\/\/www.gutenbergmachines.com\/"},{"@type":"ListItem","position":2,"name":"Privacy Statement (EU)"}]},{"@type":"WebSite","@id":"https:\/\/www.gutenbergmachines.com\/#website","url":"https:\/\/www.gutenbergmachines.com\/","name":"Gutenberg Grafische Machines BV","description":"M\u00e1quinas de impresi\u00f3n usadas","publisher":{"@id":"https:\/\/www.gutenbergmachines.com\/#organization"},"potentialAction":[{"@type":"SearchAction","target":{"@type":"EntryPoint","urlTemplate":"https:\/\/www.gutenbergmachines.com\/?s={search_term_string}"},"query-input":{"@type":"PropertyValueSpecification","valueRequired":true,"valueName":"search_term_string"}}],"inLanguage":"es"},{"@type":"Organization","@id":"https:\/\/www.gutenbergmachines.com\/#organization","name":"M\u00c1QUINAS DE GR\u00c1FICO DE GUTENBERG","url":"https:\/\/www.gutenbergmachines.com\/","logo":{"@type":"ImageObject","inLanguage":"es","@id":"https:\/\/www.gutenbergmachines.com\/#\/schema\/logo\/image\/","url":"https:\/\/www.gutenbergmachines.com\/wp-content\/uploads\/2021\/12\/Gutenburg_Logo_500_white.png","contentUrl":"https:\/\/www.gutenbergmachines.com\/wp-content\/uploads\/2021\/12\/Gutenburg_Logo_500_white.png","width":500,"height":95,"caption":"GUTENBERG GRAFISCHE MACHINES"},"image":{"@id":"https:\/\/www.gutenbergmachines.com\/#\/schema\/logo\/image\/"},"sameAs":["https:\/\/www.facebook.com\/gutenbergprintingmachines\/","https:\/\/x.com\/gutenbergmachi1","https:\/\/www.linkedin.com\/company\/gutenberg-machines\/","https:\/\/www.youtube.com\/channel\/UCYy3jPCn2CalwkxJCCGg7mQ"]}]}},"jetpack_sharing_enabled":true,"_links":{"self":[{"href":"https:\/\/www.gutenbergmachines.com\/es\/wp-json\/wp\/v2\/pages\/1695","targetHints":{"allow":["GET"]}}],"collection":[{"href":"https:\/\/www.gutenbergmachines.com\/es\/wp-json\/wp\/v2\/pages"}],"about":[{"href":"https:\/\/www.gutenbergmachines.com\/es\/wp-json\/wp\/v2\/types\/page"}],"author":[{"embeddable":true,"href":"https:\/\/www.gutenbergmachines.com\/es\/wp-json\/wp\/v2\/users\/5"}],"replies":[{"embeddable":true,"href":"https:\/\/www.gutenbergmachines.com\/es\/wp-json\/wp\/v2\/comments?post=1695"}],"version-history":[{"count":0,"href":"https:\/\/www.gutenbergmachines.com\/es\/wp-json\/wp\/v2\/pages\/1695\/revisions"}],"wp:attachment":[{"href":"https:\/\/www.gutenbergmachines.com\/es\/wp-json\/wp\/v2\/media?parent=1695"}],"curies":[{"name":"wp","href":"https:\/\/api.w.org\/{rel}","templated":true}]}}