{"id":1700,"date":"2021-08-19T08:44:15","date_gmt":"2021-08-19T08:44:15","guid":{"rendered":"http:\/\/gutenberg.pressxchangeweb.com\/privacy-statement-us"},"modified":"2021-11-29T11:06:33","modified_gmt":"2021-11-29T11:06:33","slug":"declaracion-de-privacidad-nosotros","status":"publish","type":"page","link":"https:\/\/www.gutenbergmachines.com\/es\/declaracion-de-privacidad-nosotros","title":{"rendered":"Declaraci\u00f3n de privacidad (EE. UU.)"},"content":{"rendered":"<!-- Legal document generated by Complianz | GDPR\/CCPA Cookie Consent https:\/\/wordpress.org\/plugins\/complianz-gdpr -->\n<div id=\"cmplz-document\" class=\"cmplz-document privacy-statement cmplz-document-us\"><p><i>Esta declaraci\u00f3n de privacidad se modific\u00f3 por \u00faltima vez el 12 de febrero de 2024, se revis\u00f3 por \u00faltima vez el 12 de febrero de 2024 y se aplica a los ciudadanos y residentes legales permanentes de los Estados Unidos.<\/i><br \/><br \/><\/p><p>En esta declaraci\u00f3n de privacidad, explicamos qu\u00e9 hacemos con los datos que obtenemos sobre usted a trav\u00e9s de <a href=\"https:\/\/www.gutenbergmachines.com\/es\">https:\/\/www.gutenbergmachines.com\/es<\/a>. Le recomendamos que lea atentamente esta declaraci\u00f3n. En nuestro procesamiento cumplimos con los requisitos de la legislaci\u00f3n de privacidad. Eso significa, entre otras cosas, que:<ul>\n                <li>establecemos claramente los fines para los que procesamos los datos personales. Hacemos esto por medio de esta declaraci\u00f3n de privacidad;<\/li>\n                <li>nuestro objetivo es limitar nuestra recopilaci\u00f3n de datos personales solo a los datos personales necesarios para fines leg\u00edtimos;<\/li>\n                <li>primero solicitamos su consentimiento expl\u00edcito para procesar sus datos personales en los casos que requieran su consentimiento;<\/li>\n                <li>tomamos las medidas de seguridad adecuadas para proteger sus datos personales y tambi\u00e9n se lo solicitamos a las partes que procesan datos personales en nuestro nombre;<\/li>\n                <li>respetamos su derecho a acceder a sus datos personales o corregirlos o eliminarlos, a petici\u00f3n suya.<\/li>\n            <\/ul><\/p><p>Si tiene alguna pregunta o desea saber exactamente qu\u00e9 datos suyos conservamos, p\u00f3ngase en contacto con nosotros.<\/p><h2>1. Finalidad y categor\u00edas de datos<\/h2><p>Podemos recopilar o recibir informaci\u00f3n personal para diversos fines relacionados con nuestras operaciones comerciales, que pueden incluir los siguientes: (haga clic para expandir)<\/b><\/p><details class=\"cmplz-dropdown dropdown-privacy-statement\"><summary><div><h3>1.1 Contacto \u2013 A trav\u00e9s de tel\u00e9fono, correo postal, correo electr\u00f3nico y\/o formularios web<\/h3><\/div><\/summary><p class=\"cmplz-subtitle\">Se recopilan las siguientes categor\u00edas de datos<\/p><p><ul><li>Un nombre y apellido<\/li><li>Una casa u otra direcci\u00f3n f\u00edsica, incluido el nombre de la calle y el nombre de una ciudad o pueblo.<\/li><li>Una direcci\u00f3n de correo electr\u00f3nico<\/li><li>Un n\u00famero de tel\u00e9fono<\/li><li>Informaci\u00f3n de actividad de Internet, que incluye, entre otros, el historial de navegaci\u00f3n, el historial de b\u00fasqueda e informaci\u00f3n sobre la interacci\u00f3n de un consumidor con un sitio web, una aplicaci\u00f3n o un anuncio de Internet.<\/li><li>Datos de geolocalizaci\u00f3n<\/li><li>Fotos<\/li><li>Cuentas de redes sociales<\/li><\/ul><\/p><p class=\"cmplz-subtitle\">Per\u00edodo de retenci\u00f3n<\/p><p>Conservamos estos datos hasta que finalice el servicio.<\/p><\/details><details class=\"cmplz-dropdown dropdown-privacy-statement\"><summary><div><h3>1.2 Pagos<\/h3><\/div><\/summary><p class=\"cmplz-subtitle\">Se recopilan las siguientes categor\u00edas de datos<\/p><p><ul><li>Un nombre y apellido<\/li><li>Una casa u otra direcci\u00f3n f\u00edsica, incluido el nombre de la calle y el nombre de una ciudad o pueblo.<\/li><li>Una direcci\u00f3n de correo electr\u00f3nico<\/li><li>Un n\u00famero de tel\u00e9fono<\/li><li>Informaci\u00f3n financiera como n\u00famero de cuenta bancaria o n\u00famero de tarjeta de cr\u00e9dito<\/li><li>Datos de geolocalizaci\u00f3n<\/li><\/ul><\/p><p class=\"cmplz-subtitle\">Per\u00edodo de retenci\u00f3n<\/p><p>Conservamos estos datos hasta que finalice el servicio.<\/p><\/details><details class=\"cmplz-dropdown dropdown-privacy-statement\"><summary><div><h3>1.3 Boletines informativos<\/h3><\/div><\/summary><p class=\"cmplz-subtitle\">Se recopilan las siguientes categor\u00edas de datos<\/p><p><ul><li>Un nombre y apellido<\/li><li>Una casa u otra direcci\u00f3n f\u00edsica, incluido el nombre de la calle y el nombre de una ciudad o pueblo.<\/li><li>Una direcci\u00f3n de correo electr\u00f3nico<\/li><li>Un n\u00famero de tel\u00e9fono<\/li><\/ul><\/p><p class=\"cmplz-subtitle\">Per\u00edodo de retenci\u00f3n<\/p><p>Conservamos estos datos hasta que finalice el servicio.<\/p><\/details><details class=\"cmplz-dropdown dropdown-privacy-statement\"><summary><div><h3>1.4 Para respaldar servicios o productos que un cliente desea comprar o ha comprado<\/h3><\/div><\/summary><p class=\"cmplz-subtitle\">Se recopilan las siguientes categor\u00edas de datos<\/p><p><ul><li>Un nombre y apellido<\/li><li>Una casa u otra direcci\u00f3n f\u00edsica, incluido el nombre de la calle y el nombre de una ciudad o pueblo.<\/li><li>Una direcci\u00f3n de correo electr\u00f3nico<\/li><li>Un n\u00famero de tel\u00e9fono<\/li><\/ul><\/p><p class=\"cmplz-subtitle\">Per\u00edodo de retenci\u00f3n<\/p><p>Conservamos estos datos hasta que finalice el servicio.<\/p><\/details><details class=\"cmplz-dropdown dropdown-privacy-statement\"><summary><div><h3>1.5 Recopilar y analizar estad\u00edsticas para la mejora del sitio web.<\/h3><\/div><\/summary><p class=\"cmplz-subtitle\">Se recopilan las siguientes categor\u00edas de datos<\/p><p><ul><li>Direcci\u00f3n IP<\/li><li>Informaci\u00f3n de actividad de Internet, que incluye, entre otros, el historial de navegaci\u00f3n, el historial de b\u00fasqueda e informaci\u00f3n sobre la interacci\u00f3n de un consumidor con un sitio web, una aplicaci\u00f3n o un anuncio de Internet.<\/li><li>Datos de geolocalizaci\u00f3n<\/li><\/ul><\/p><p class=\"cmplz-subtitle\">Per\u00edodo de retenci\u00f3n<\/p><p>Conservamos estos datos hasta que finalice el servicio.<\/p><\/details><details class=\"cmplz-dropdown dropdown-privacy-statement\"><summary><div><h3>1.6 Entregas<\/h3><\/div><\/summary><p class=\"cmplz-subtitle\">Se recopilan las siguientes categor\u00edas de datos<\/p><p><ul><li>Un nombre y apellido<\/li><li>Una casa u otra direcci\u00f3n f\u00edsica, incluido el nombre de la calle y el nombre de una ciudad o pueblo.<\/li><li>Una direcci\u00f3n de correo electr\u00f3nico<\/li><li>Un n\u00famero de tel\u00e9fono<\/li><li>Datos de geolocalizaci\u00f3n<\/li><\/ul><\/p><p class=\"cmplz-subtitle\">Per\u00edodo de retenci\u00f3n<\/p><p>Conservamos estos datos hasta que finalice el servicio.<\/p><\/details><h2>2. Compartir con otras partes<\/h2><p>Solo compartimos o divulgamos estos datos a otros destinatarios para los siguientes prop\u00f3sitos:<\/p><p><b>Finalidad de la transferencia de datos:<\/b>&nbsp;Desarrolladores de software<br \/>\n             <b>Pa\u00eds o estado en el que se encuentra este proveedor de servicios:<\/b>&nbsp;Reino Unido<br \/><\/p><h2>3. Pr\u00e1cticas de divulgaci\u00f3n<\/h2><p><p>Divulgamos informaci\u00f3n personal si estamos obligados por ley o por una orden judicial, en respuesta a una agencia de aplicaci\u00f3n de la ley, en la medida permitida por otras disposiciones de la ley, para proporcionar informaci\u00f3n o para una investigaci\u00f3n sobre un asunto relacionado con la seguridad p\u00fablica.<\/p><p>Si nuestro sitio web u organizaci\u00f3n es absorbido, vendido o involucrado en una fusi\u00f3n o adquisici\u00f3n, sus datos pueden divulgarse a nuestros asesores y posibles compradores y se transmitir\u00e1n a los nuevos propietarios.<\/p><\/p><h2>4. C\u00f3mo respondemos a las se\u00f1ales de No rastrear y al Control de privacidad global <\/h2><p>Nuestro sitio web no responde ni es compatible con el campo de solicitud de encabezado No rastrear (DNT).<\/p><h2>5. Galletas<\/h2><p>Nuestro sitio web utiliza cookies. Para obtener m\u00e1s informaci\u00f3n sobre las cookies, consulte nuestra Pol\u00edtica de cookies en nuestro <a href=\"https:\/\/www.gutenbergmachines.com\/es\/politica-de-cookies-nosotros\">Pol\u00edtica de cookies (EE. UU.)<\/a> p\u00e1gina web.&nbsp;<\/p><h2>6. Seguridad<\/h2><p>Estamos comprometidos con la seguridad de los datos personales. Tomamos las medidas de seguridad adecuadas para limitar el abuso y el acceso no autorizado a los datos personales. Esto garantiza que solo las personas necesarias tengan acceso a sus datos, que el acceso a los datos est\u00e9 protegido y que nuestras medidas de seguridad se revisen peri\u00f3dicamente.<\/p><h2>7. Sitios web de terceros<\/h2><p>Esta declaraci\u00f3n de privacidad no se aplica a los sitios web de terceros conectados por enlaces en nuestro sitio web. No podemos garantizar que estos terceros manejen sus datos personales de manera confiable o segura. Le recomendamos que lea las declaraciones de privacidad de estos sitios web antes de hacer uso de estos sitios web.<\/p><h2>8. Modificaciones a esta declaraci\u00f3n de privacidad<\/h2><p>Nos reservamos el derecho de hacer modificaciones a esta declaraci\u00f3n de privacidad. Se recomienda que consulte esta declaraci\u00f3n de privacidad regularmente para estar al tanto de cualquier cambio. Adem\u00e1s, le informaremos activamente siempre que sea posible.<\/p><h2>9. Acceso y modificaci\u00f3n de sus datos<\/h2><p>Si tiene alguna pregunta o desea saber qu\u00e9 datos personales tenemos sobre usted, comun\u00edquese con nosotros. Aseg\u00farese de indicar siempre claramente qui\u00e9n es usted, para que podamos estar seguros de que no modificamos ni eliminamos ning\u00fan dato de la persona equivocada. Proporcionaremos la informaci\u00f3n solicitada solo al recibir una solicitud verificable del consumidor. Puede ponerse en contacto con nosotros utilizando la siguiente informaci\u00f3n. Tiene los siguientes derechos:<\/p><p class=\"cmplz-subtitle\">9.1 Tiene los siguientes derechos con respecto a sus datos personales<\/p><ol class=\"alphabetic\">\n                        <li>Puede enviar una solicitud de acceso a los datos que procesamos sobre usted.<\/li>\n                        <li>Puede oponerse al procesamiento.<\/li>\n                        <li>Puede solicitar una descripci\u00f3n general, en un formato de uso com\u00fan, de los datos que procesamos sobre usted.<\/li>\n                        <li>Puede solicitar la correcci\u00f3n o eliminaci\u00f3n de los datos si son incorrectos o no o si ya no son relevantes, o solicitar la restricci\u00f3n del procesamiento de los datos.<\/li>\n                        <li>You may appeal our decision whenever we refuse to take action on a request and submit a complaint with the competent authority if your appeal is denied.<\/li>\n                      <\/ol><p class=\"cmplz-subtitle\">9.2 Suplementos<\/p><p>Esta secci\u00f3n, que complementa el resto de esta Declaraci\u00f3n de Privacidad, se aplica a los ciudadanos y residentes legales permanentes de California (CPRA).<\/p><details class=\"cmplz-dropdown dropdown-privacy-statement\"><summary><div><h3>California<\/h3><\/div><\/summary>\n      <h4>Derecho a saber qu\u00e9 informaci\u00f3n personal se recopila sobre usted<\/h4>\n      <p>Un consumidor tendr\u00e1 derecho a solicitar que una empresa que recopile informaci\u00f3n personal sobre el consumidor le revele lo siguiente:<\/p>\n      <ol class=\"alphabetic\">\n      <li>Las categor\u00edas de informaci\u00f3n personal que ha recopilado sobre ese consumidor.<\/li>\n      <li>Las categor\u00edas de fuentes de las que se recopila la informaci\u00f3n personal.<\/li>\n      <li>El prop\u00f3sito empresarial o comercial para recopilar o vender informaci\u00f3n personal.<\/li>\n      <li>Las categor\u00edas de terceros con quienes la empresa comparte informaci\u00f3n personal.<\/li>\n      <li>Las piezas espec\u00edficas de informaci\u00f3n personal que ha recopilado sobre ese consumidor.<\/li>\n      <\/ol>\n      <br \/>\n\n      <h4>El derecho a saber si la informaci\u00f3n personal se vende o divulga y a qui\u00e9n<\/h4>\n      <p>Un consumidor tendr\u00e1 derecho a solicitar que una empresa que venda la informaci\u00f3n personal del consumidor, o que la divulgue con fines comerciales, le revele a ese consumidor:<\/p>\n      <ol class=\"alphabetic\">\n      <li>Las categor\u00edas de informaci\u00f3n personal que la empresa recopil\u00f3 sobre el consumidor.<\/li>\n      <li>Las categor\u00edas de informaci\u00f3n personal que vendi\u00f3 la empresa sobre el consumidor y las categor\u00edas de terceros a quienes se vendi\u00f3 la informaci\u00f3n personal, por categor\u00eda o categor\u00edas de informaci\u00f3n personal para cada tercero a quien se vendi\u00f3 la informaci\u00f3n personal.<\/li>\n      <li>Las categor\u00edas de informaci\u00f3n personal que la empresa divulg\u00f3 sobre el consumidor con fines comerciales.<\/li>\n      <\/ol>\n      <br \/>\n      <h4>El derecho a la igualdad de servicio y precio, incluso si ejerce sus derechos de privacidad<\/h4>\n      <br \/>\n      <p>Un consumidor tendr\u00e1 derecho a solicitar que una empresa elimine cualquier informaci\u00f3n personal sobre el consumidor que la empresa haya recopilado del consumidor.<\/p>\n      <br \/>\n      <p>Una empresa que recibe una solicitud verificable de un consumidor para eliminar la informaci\u00f3n personal del consumidor de conformidad con la subdivisi\u00f3n (a) de esta secci\u00f3n deber\u00e1 eliminar la informaci\u00f3n personal del consumidor de sus registros y solicitar a los proveedores de servicios que eliminen la informaci\u00f3n personal del consumidor de sus registros.<\/p>\n      <br \/>\n      <p>No se requerir\u00e1 que una empresa o un proveedor de servicios cumpla con la solicitud de un consumidor de eliminar la informaci\u00f3n personal del consumidor si es necesario que la empresa o el proveedor de servicios mantenga la informaci\u00f3n personal del consumidor para:<\/p>\n      <ol class=\"alphabetic\">\n      <li>Completar la transacci\u00f3n para la cual se recopil\u00f3 la informaci\u00f3n personal, proporcionar un bien o servicio solicitado por el consumidor, o anticipado razonablemente dentro del contexto de la relaci\u00f3n comercial en curso de una empresa con el consumidor, o realizar un contrato entre la empresa y el consumidor.<\/li>\n      <li>Detectar incidentes de seguridad, proteger contra actividades maliciosas, enga\u00f1osas, fraudulentas o ilegales; o enjuiciar a los responsables de esa actividad.<\/li>\n      <li>Depuraci\u00f3n para identificar y reparar errores que perjudican la funcionalidad prevista existente.<\/li>\n      <li>Ejercer la libertad de expresi\u00f3n, garantizar el derecho de otro consumidor a ejercer su derecho a la libertad de expresi\u00f3n, o ejercer otro derecho previsto por la ley.<\/li>\n      <li>Cumplir con la Ley de Privacidad de las Comunicaciones Electr\u00f3nicas de California de conformidad con el Cap\u00edtulo 3.6 (a partir de la Secci\u00f3n 1546) del T\u00edtulo 12 de la Parte 2 del C\u00f3digo Penal.<\/li>\n      <li>Participar en investigaciones cient\u00edficas, hist\u00f3ricas o estad\u00edsticas p\u00fablicas o revisadas por pares en inter\u00e9s p\u00fablico que se adhieran a todas las dem\u00e1s leyes de \u00e9tica y privacidad aplicables, cuando es probable que la eliminaci\u00f3n de la informaci\u00f3n por parte de las empresas imposibilite o perjudique gravemente el logro de dicha investigaci\u00f3n. , si el consumidor ha dado su consentimiento informado.<\/li>\n      <li>Ejercer la libertad de expresi\u00f3n, garantizar el derecho de otro consumidor a ejercer su derecho a la libertad de expresi\u00f3n, o ejercer otro derecho previsto por la ley.<\/li>\n      <li>Permitir \u00fanicamente usos internos que est\u00e9n razonablemente alineados con las expectativas del consumidor en funci\u00f3n de la relaci\u00f3n del consumidor con la empresa.<\/li>\n      <li>Cumplir con una obligaci\u00f3n legal.<\/li>\n      <li>De lo contrario, utilizar la informaci\u00f3n personal del consumidor, internamente, de una manera legal que sea compatible con el contexto en el que el consumidor proporcion\u00f3 la informaci\u00f3n.<\/li>\n      <\/ol>\n\n      <h4>Derecho a darse de baja<\/h4>\n      <p>Puede enviar una solicitud indic\u00e1ndonos que no hagamos ciertas divulgaciones de la informaci\u00f3n personal que mantenemos sobre usted. Para obtener m\u00e1s informaci\u00f3n sobre la posibilidad de enviar una solicitud de exclusi\u00f3n, consulte nuestra p\u00e1gina de preferencias de exclusi\u00f3n.<\/p>\n      <h4>Incentivos financieros<\/h4><p><h4>Venta de datos personales a terceros<\/h4>\n  \t\t<p>No hemos vendido datos personales de los consumidores en los 12 meses anteriores.<\/p><\/p><p>No hemos divulgado informaci\u00f3n personal de los consumidores con fines comerciales en los 12 meses anteriores.<\/p><p><ul><li>Un nombre y apellido<\/li><li>Una casa u otra direcci\u00f3n f\u00edsica, incluido el nombre de la calle y el nombre de una ciudad o pueblo.<\/li><li>Una direcci\u00f3n de correo electr\u00f3nico<\/li><li>Un n\u00famero de tel\u00e9fono<\/li><\/ul><\/p><\/details><h2>10. Ni\u00f1os<\/h2><p>Nuestro sitio web no est\u00e1 dise\u00f1ado para atraer a ni\u00f1os y no es nuestra intenci\u00f3n recopilar datos personales de ni\u00f1os menores de edad en su pa\u00eds de residencia. Por lo tanto, solicitamos que los ni\u00f1os menores de edad no nos env\u00eden ning\u00fan dato personal.<\/p><h2>11. Datos de contacto<\/h2><p>Gutenberg Grafische Machines BV<br \/>\n        Siriusdreef 17-27-2132 WT<br \/>\r\nHoofddorp - Pa\u00edses Bajos<br \/>\n        Pa\u00edses Bajos<br \/>\n        Sitio web: <a href=\"https:\/\/www.gutenbergmachines.com\/es\">https:\/\/www.gutenbergmachines.com\/es<\/a> <br \/>\n        Correo electr\u00f3nico: <span class=\"cmplz-obfuscate\">info@<span class=\"cmplz-fmail-domain\">&#101;&#120;.com<\/span>&#103;&#117;t&#101;n&#098;&#101;rg&#109;achi&#110;es.&#099;o&#109;<\/span> <br \/>\n        <br \/>\n        N\u00famero de tel\u00e9fono: +31 630074407<\/p><\/div>","protected":false},"excerpt":{"rendered":"","protected":false},"author":5,"featured_media":0,"parent":0,"menu_order":0,"comment_status":"closed","ping_status":"closed","template":"","meta":{"_acf_changed":false,"_joinchat":[],"footnotes":""},"class_list":["post-1700","page","type-page","status-publish","hentry"],"acf":[],"yoast_head":"<!-- This site is optimized with the Yoast SEO plugin v25.7 - https:\/\/yoast.com\/wordpress\/plugins\/seo\/ -->\n<title>Gutenberg Grafische Machines B.V.<\/title>\n<meta name=\"robots\" content=\"index, follow, max-snippet:-1, max-image-preview:large, max-video-preview:-1\" \/>\n<link rel=\"canonical\" href=\"https:\/\/www.gutenbergmachines.com\/es\/declaracion-de-privacidad-nosotros\" \/>\n<meta property=\"og:locale\" content=\"es_ES\" \/>\n<meta property=\"og:type\" content=\"article\" \/>\n<meta property=\"og:title\" content=\"Privacy Statement (US) | Gutenberg Grafische Machines B.V.\" \/>\n<meta property=\"og:url\" content=\"https:\/\/www.gutenbergmachines.com\/es\/declaracion-de-privacidad-nosotros\" \/>\n<meta property=\"og:site_name\" content=\"Gutenberg Grafische Machines B.V.\" \/>\n<meta property=\"article:publisher\" content=\"https:\/\/www.facebook.com\/gutenbergprintingmachines\/\" \/>\n<meta property=\"article:modified_time\" content=\"2021-11-29T11:06:33+00:00\" \/>\n<meta name=\"twitter:card\" content=\"summary_large_image\" \/>\n<meta name=\"twitter:site\" content=\"@gutenbergmachi1\" \/>\n<meta name=\"twitter:label1\" content=\"Tiempo de lectura\" \/>\n\t<meta name=\"twitter:data1\" content=\"1 minuto\" \/>\n<script type=\"application\/ld+json\" class=\"yoast-schema-graph\">{\"@context\":\"https:\/\/schema.org\",\"@graph\":[{\"@type\":\"WebPage\",\"@id\":\"https:\/\/www.gutenbergmachines.com\/privacy-statement-us\",\"url\":\"https:\/\/www.gutenbergmachines.com\/privacy-statement-us\",\"name\":\"Privacy Statement (US) | Gutenberg Grafische Machines B.V.\",\"isPartOf\":{\"@id\":\"https:\/\/www.gutenbergmachines.com\/#website\"},\"datePublished\":\"2021-08-19T08:44:15+00:00\",\"dateModified\":\"2021-11-29T11:06:33+00:00\",\"breadcrumb\":{\"@id\":\"https:\/\/www.gutenbergmachines.com\/privacy-statement-us#breadcrumb\"},\"inLanguage\":\"es\",\"potentialAction\":[{\"@type\":\"ReadAction\",\"target\":[\"https:\/\/www.gutenbergmachines.com\/privacy-statement-us\"]}]},{\"@type\":\"BreadcrumbList\",\"@id\":\"https:\/\/www.gutenbergmachines.com\/privacy-statement-us#breadcrumb\",\"itemListElement\":[{\"@type\":\"ListItem\",\"position\":1,\"name\":\"Home\",\"item\":\"https:\/\/www.gutenbergmachines.com\/\"},{\"@type\":\"ListItem\",\"position\":2,\"name\":\"Privacy Statement (US)\"}]},{\"@type\":\"WebSite\",\"@id\":\"https:\/\/www.gutenbergmachines.com\/#website\",\"url\":\"https:\/\/www.gutenbergmachines.com\/\",\"name\":\"Gutenberg Grafische Machines B.V.\",\"description\":\"Used Printing Machines\",\"publisher\":{\"@id\":\"https:\/\/www.gutenbergmachines.com\/#organization\"},\"potentialAction\":[{\"@type\":\"SearchAction\",\"target\":{\"@type\":\"EntryPoint\",\"urlTemplate\":\"https:\/\/www.gutenbergmachines.com\/?s={search_term_string}\"},\"query-input\":{\"@type\":\"PropertyValueSpecification\",\"valueRequired\":true,\"valueName\":\"search_term_string\"}}],\"inLanguage\":\"es\"},{\"@type\":\"Organization\",\"@id\":\"https:\/\/www.gutenbergmachines.com\/#organization\",\"name\":\"GUTENBERG GRAFISCHE MACHINES\",\"url\":\"https:\/\/www.gutenbergmachines.com\/\",\"logo\":{\"@type\":\"ImageObject\",\"inLanguage\":\"es\",\"@id\":\"https:\/\/www.gutenbergmachines.com\/#\/schema\/logo\/image\/\",\"url\":\"https:\/\/www.gutenbergmachines.com\/wp-content\/uploads\/2021\/12\/Gutenburg_Logo_500_white.png\",\"contentUrl\":\"https:\/\/www.gutenbergmachines.com\/wp-content\/uploads\/2021\/12\/Gutenburg_Logo_500_white.png\",\"width\":500,\"height\":95,\"caption\":\"GUTENBERG GRAFISCHE MACHINES\"},\"image\":{\"@id\":\"https:\/\/www.gutenbergmachines.com\/#\/schema\/logo\/image\/\"},\"sameAs\":[\"https:\/\/www.facebook.com\/gutenbergprintingmachines\/\",\"https:\/\/x.com\/gutenbergmachi1\",\"https:\/\/www.linkedin.com\/company\/gutenberg-machines\/\",\"https:\/\/www.youtube.com\/channel\/UCYy3jPCn2CalwkxJCCGg7mQ\"]}]}<\/script>\n<!-- \/ Yoast SEO plugin. -->","yoast_head_json":{"title":"Gutenberg Grafische Machines BV","robots":{"index":"index","follow":"follow","max-snippet":"max-snippet:-1","max-image-preview":"max-image-preview:large","max-video-preview":"max-video-preview:-1"},"canonical":"https:\/\/www.gutenbergmachines.com\/es\/declaracion-de-privacidad-nosotros","og_locale":"es_ES","og_type":"article","og_title":"Privacy Statement (US) | Gutenberg Grafische Machines B.V.","og_url":"https:\/\/www.gutenbergmachines.com\/es\/declaracion-de-privacidad-nosotros","og_site_name":"Gutenberg Grafische Machines B.V.","article_publisher":"https:\/\/www.facebook.com\/gutenbergprintingmachines\/","article_modified_time":"2021-11-29T11:06:33+00:00","twitter_card":"summary_large_image","twitter_site":"@gutenbergmachi1","twitter_misc":{"Tiempo de lectura":"1 minuto"},"schema":{"@context":"https:\/\/schema.org","@graph":[{"@type":"WebPage","@id":"https:\/\/www.gutenbergmachines.com\/privacy-statement-us","url":"https:\/\/www.gutenbergmachines.com\/privacy-statement-us","name":"Declaraci\u00f3n de privacidad (EE. UU.) | Gutenberg Grafische Machines BV","isPartOf":{"@id":"https:\/\/www.gutenbergmachines.com\/#website"},"datePublished":"2021-08-19T08:44:15+00:00","dateModified":"2021-11-29T11:06:33+00:00","breadcrumb":{"@id":"https:\/\/www.gutenbergmachines.com\/privacy-statement-us#breadcrumb"},"inLanguage":"es","potentialAction":[{"@type":"ReadAction","target":["https:\/\/www.gutenbergmachines.com\/privacy-statement-us"]}]},{"@type":"BreadcrumbList","@id":"https:\/\/www.gutenbergmachines.com\/privacy-statement-us#breadcrumb","itemListElement":[{"@type":"ListItem","position":1,"name":"Home","item":"https:\/\/www.gutenbergmachines.com\/"},{"@type":"ListItem","position":2,"name":"Privacy Statement (US)"}]},{"@type":"WebSite","@id":"https:\/\/www.gutenbergmachines.com\/#website","url":"https:\/\/www.gutenbergmachines.com\/","name":"Gutenberg Grafische Machines BV","description":"M\u00e1quinas de impresi\u00f3n usadas","publisher":{"@id":"https:\/\/www.gutenbergmachines.com\/#organization"},"potentialAction":[{"@type":"SearchAction","target":{"@type":"EntryPoint","urlTemplate":"https:\/\/www.gutenbergmachines.com\/?s={search_term_string}"},"query-input":{"@type":"PropertyValueSpecification","valueRequired":true,"valueName":"search_term_string"}}],"inLanguage":"es"},{"@type":"Organization","@id":"https:\/\/www.gutenbergmachines.com\/#organization","name":"M\u00c1QUINAS DE GR\u00c1FICO DE GUTENBERG","url":"https:\/\/www.gutenbergmachines.com\/","logo":{"@type":"ImageObject","inLanguage":"es","@id":"https:\/\/www.gutenbergmachines.com\/#\/schema\/logo\/image\/","url":"https:\/\/www.gutenbergmachines.com\/wp-content\/uploads\/2021\/12\/Gutenburg_Logo_500_white.png","contentUrl":"https:\/\/www.gutenbergmachines.com\/wp-content\/uploads\/2021\/12\/Gutenburg_Logo_500_white.png","width":500,"height":95,"caption":"GUTENBERG GRAFISCHE MACHINES"},"image":{"@id":"https:\/\/www.gutenbergmachines.com\/#\/schema\/logo\/image\/"},"sameAs":["https:\/\/www.facebook.com\/gutenbergprintingmachines\/","https:\/\/x.com\/gutenbergmachi1","https:\/\/www.linkedin.com\/company\/gutenberg-machines\/","https:\/\/www.youtube.com\/channel\/UCYy3jPCn2CalwkxJCCGg7mQ"]}]}},"jetpack_sharing_enabled":true,"_links":{"self":[{"href":"https:\/\/www.gutenbergmachines.com\/es\/wp-json\/wp\/v2\/pages\/1700","targetHints":{"allow":["GET"]}}],"collection":[{"href":"https:\/\/www.gutenbergmachines.com\/es\/wp-json\/wp\/v2\/pages"}],"about":[{"href":"https:\/\/www.gutenbergmachines.com\/es\/wp-json\/wp\/v2\/types\/page"}],"author":[{"embeddable":true,"href":"https:\/\/www.gutenbergmachines.com\/es\/wp-json\/wp\/v2\/users\/5"}],"replies":[{"embeddable":true,"href":"https:\/\/www.gutenbergmachines.com\/es\/wp-json\/wp\/v2\/comments?post=1700"}],"version-history":[{"count":0,"href":"https:\/\/www.gutenbergmachines.com\/es\/wp-json\/wp\/v2\/pages\/1700\/revisions"}],"wp:attachment":[{"href":"https:\/\/www.gutenbergmachines.com\/es\/wp-json\/wp\/v2\/media?parent=1700"}],"curies":[{"name":"wp","href":"https:\/\/api.w.org\/{rel}","templated":true}]}}