{"id":1698,"date":"2021-08-19T08:44:15","date_gmt":"2021-08-19T08:44:15","guid":{"rendered":"http:\/\/gutenberg.pressxchangeweb.com\/privacy-statement-uk"},"modified":"2021-11-29T11:06:31","modified_gmt":"2021-11-29T11:06:31","slug":"gizlilik-bildirimi-uk","status":"publish","type":"page","link":"https:\/\/www.gutenbergmachines.com\/tr\/gizlilik-bildirimi-uk","title":{"rendered":"Gizlilik Bildirimi (Birle\u015fik Krall\u0131k)"},"content":{"rendered":"<!-- Legal document generated by Complianz | GDPR\/CCPA Cookie Consent https:\/\/wordpress.org\/plugins\/complianz-gdpr -->\n<div id=\"cmplz-document\" class=\"cmplz-document privacy-statement cmplz-document-uk\"><p><i>Bu gizlilik bildirimi en son 12 \u015eubat 2024 tarihinde g\u00fcncellenmi\u015ftir ve Birle\u015fik Krall\u0131k vatanda\u015flar\u0131 ve yasal daimi ikamet edenler i\u00e7in ge\u00e7erlidir.<\/i><br><br><\/p><p>Bu gizlilik bildiriminde, sizin hakk\u0131n\u0131zda elde etti\u011fimiz verilerle ne yapt\u0131\u011f\u0131m\u0131z\u0131 a\u00e7\u0131kl\u0131yoruz. <a href=\"https:\/\/www.gutenbergmachines.com\/tr\">https:\/\/www.gutenbergmachines.com\/tr<\/a>. Bu beyan\u0131 dikkatlice okuman\u0131z\u0131 tavsiye ederiz. \u0130\u015flemlerimizde gizlilik mevzuat\u0131n\u0131n gerekliliklerine uyuyoruz. Bu, di\u011fer \u015feylerin yan\u0131 s\u0131ra \u015fu anlama gelir:<\/p><ul>\n                <li>ki\u015fisel verileri i\u015fleme ama\u00e7lar\u0131m\u0131z\u0131 a\u00e7\u0131k\u00e7a belirtiyoruz. Bunu, bu gizlilik bildirimi arac\u0131l\u0131\u011f\u0131yla yap\u0131yoruz;<\/li>\n                <li>ki\u015fisel veri toplamam\u0131z\u0131 yaln\u0131zca me\u015fru ama\u00e7lar i\u00e7in gerekli olan ki\u015fisel verilerle s\u0131n\u0131rland\u0131rmay\u0131 ama\u00e7l\u0131yoruz;<\/li>\n                <li>r\u0131zan\u0131z\u0131 gerektiren durumlarda ki\u015fisel verilerinizin i\u015flenmesi i\u00e7in \u00f6ncelikle a\u00e7\u0131k r\u0131zan\u0131z\u0131 isteriz;<\/li>\n                <li>ki\u015fisel verilerinizi korumak i\u00e7in uygun g\u00fcvenlik \u00f6nlemleri al\u0131yoruz ve ayr\u0131ca bizim ad\u0131m\u0131za ki\u015fisel verileri i\u015fleyen taraflardan bunu talep ediyoruz;<\/li>\n                <li>Ki\u015fisel verilerinize eri\u015fme veya talebiniz \u00fczerine bunlar\u0131 d\u00fczeltme veya silme hakk\u0131n\u0131za sayg\u0131 duyuyoruz.<\/li>\n            <\/ul><p>Herhangi bir sorunuz varsa veya sizinle ilgili tam olarak hangi verileri tuttu\u011fumuzu bilmek istiyorsan\u0131z, l\u00fctfen bizimle ileti\u015fime ge\u00e7in.<\/p><h2>1. Ama\u00e7, veri ve saklama s\u00fcresi<\/h2>A\u015fa\u011f\u0131dakileri i\u00e7erebilecek ticari faaliyetlerimizle ba\u011flant\u0131l\u0131 bir dizi ama\u00e7 i\u00e7in ki\u015fisel bilgiler toplayabilir veya alabiliriz: (geni\u015fletmek i\u00e7in t\u0131klay\u0131n)<details class=\"cmplz-dropdown dropdown-privacy-statement\"><summary><div><h3>1.1 \u0130leti\u015fim - Telefon, posta, e-posta ve\/veya web formlar\u0131 arac\u0131l\u0131\u011f\u0131yla<\/h3><\/div><\/summary><p class=\"cmplz-subtitle\">Bu ama\u00e7la a\u015fa\u011f\u0131daki verileri kullan\u0131yoruz:<\/p><p><ul><li>Bir ad ve soyad\u0131<\/li><li>Sokak ad\u0131 ve \u015fehir veya kasaba ad\u0131 dahil olmak \u00fczere bir ev veya ba\u015fka bir fiziksel adres<\/li><li>Bir e-posta adresi<\/li><li>Bir telefon numaras\u0131<\/li><li>Tarama ge\u00e7mi\u015fi, arama ge\u00e7mi\u015fi ve bir t\u00fcketici&amp;#039&#039;un bir \u0130nternet Web sitesi, uygulama veya reklamla etkile\u015fimiyle ilgili bilgiler dahil ancak bunlarla s\u0131n\u0131rl\u0131 olmamak \u00fczere \u0130nternet etkinli\u011fi bilgileri<\/li><li>Co\u011frafi konum verileri<\/li><li>Foto\u011fraflar<\/li><li>Sosyal Medya hesaplar\u0131<\/li><\/ul><\/p><p class=\"cmplz-subtitle\">Bu verileri i\u015fleyebilmemizin temeli \u015fudur:<\/p><p><a target=\"_blank\" rel=\"noopener noreferrer nofollow\" href=\"https:\/\/cookiedatabase.org\/legal-bases\/#agreement\">Veri sahibinin taraf oldu\u011fu bir s\u00f6zle\u015fmeye ili\u015fkin bir s\u00f6zle\u015fmenin veya \u00f6n prosed\u00fcrlerin ifas\u0131 i\u00e7in gereklidir. <\/a><\/p><p class=\"cmplz-subtitle\">Saklama s\u00fcresi<\/p><p>Bu verileri hizmet sonland\u0131r\u0131l\u0131ncaya kadar sakl\u0131yoruz.<\/p><\/details><details class=\"cmplz-dropdown dropdown-privacy-statement\"><summary><div><h3>1.2 \u00d6demeler<\/h3><\/div><\/summary><p class=\"cmplz-subtitle\">Bu ama\u00e7la a\u015fa\u011f\u0131daki verileri kullan\u0131yoruz:<\/p><p><ul><li>Bir ad ve soyad\u0131<\/li><li>Sokak ad\u0131 ve \u015fehir veya kasaba ad\u0131 dahil olmak \u00fczere bir ev veya ba\u015fka bir fiziksel adres<\/li><li>Bir e-posta adresi<\/li><li>Bir telefon numaras\u0131<\/li><li>Banka hesap numaras\u0131 veya kredi kart\u0131 numaras\u0131 gibi finansal bilgiler<\/li><li>Co\u011frafi konum verileri<\/li><\/ul><\/p><p class=\"cmplz-subtitle\">Bu verileri i\u015fleyebilmemizin temeli \u015fudur:<\/p><p><a target=\"_blank\" rel=\"noopener noreferrer nofollow\" href=\"https:\/\/cookiedatabase.org\/legal-bases\/#agreement\">Veri sahibinin taraf oldu\u011fu bir s\u00f6zle\u015fmeye ili\u015fkin bir s\u00f6zle\u015fmenin veya \u00f6n prosed\u00fcrlerin ifas\u0131 i\u00e7in gereklidir. <\/a><\/p><p class=\"cmplz-subtitle\">Saklama s\u00fcresi<\/p><p>Bu verileri hizmet sonland\u0131r\u0131l\u0131ncaya kadar sakl\u0131yoruz.<\/p><\/details><details class=\"cmplz-dropdown dropdown-privacy-statement\"><summary><div><h3>1.3 Haber B\u00fcltenleri<\/h3><\/div><\/summary><p class=\"cmplz-subtitle\">Bu ama\u00e7la a\u015fa\u011f\u0131daki verileri kullan\u0131yoruz:<\/p><p><ul><li>Bir ad ve soyad\u0131<\/li><li>Sokak ad\u0131 ve \u015fehir veya kasaba ad\u0131 dahil olmak \u00fczere bir ev veya ba\u015fka bir fiziksel adres<\/li><li>Bir e-posta adresi<\/li><li>Bir telefon numaras\u0131<\/li><\/ul><\/p><p class=\"cmplz-subtitle\">Bu verileri i\u015fleyebilmemizin temeli \u015fudur:<\/p><p><a target=\"_blank\" rel=\"noopener noreferrer nofollow\" href=\"https:\/\/cookiedatabase.org\/legal-bases\/#consent\">Muvafakat verilmesi \u00fczerine.<\/a><\/p><p class=\"cmplz-subtitle\">Saklama s\u00fcresi<\/p><p>Bu verileri hizmet sonland\u0131r\u0131l\u0131ncaya kadar sakl\u0131yoruz.<\/p><\/details><details class=\"cmplz-dropdown dropdown-privacy-statement\"><summary><div><h3>1.4 Bir m\u00fc\u015fterinin sat\u0131n almak istedi\u011fi veya sat\u0131n ald\u0131\u011f\u0131 hizmetleri veya \u00fcr\u00fcnleri desteklemek<\/h3><\/div><\/summary><p class=\"cmplz-subtitle\">Bu ama\u00e7la a\u015fa\u011f\u0131daki verileri kullan\u0131yoruz:<\/p><p><ul><li>Bir ad ve soyad\u0131<\/li><li>Sokak ad\u0131 ve \u015fehir veya kasaba ad\u0131 dahil olmak \u00fczere bir ev veya ba\u015fka bir fiziksel adres<\/li><li>Bir e-posta adresi<\/li><li>Bir telefon numaras\u0131<\/li><\/ul><\/p><p class=\"cmplz-subtitle\">Bu verileri i\u015fleyebilmemizin temeli \u015fudur:<\/p><p><a target=\"_blank\" rel=\"noopener noreferrer nofollow\" href=\"https:\/\/cookiedatabase.org\/legal-bases\/#agreement\">Veri sahibinin taraf oldu\u011fu bir s\u00f6zle\u015fmeye ili\u015fkin bir s\u00f6zle\u015fmenin veya \u00f6n prosed\u00fcrlerin ifas\u0131 i\u00e7in gereklidir. <\/a><\/p><p class=\"cmplz-subtitle\">Saklama s\u00fcresi<\/p><p>Bu verileri hizmet sonland\u0131r\u0131l\u0131ncaya kadar sakl\u0131yoruz.<\/p><\/details><details class=\"cmplz-dropdown dropdown-privacy-statement\"><summary><div><h3>1.5 Web sitesinin iyile\u015ftirilmesi i\u00e7in istatistiklerin derlenmesi ve analiz edilmesi.<\/h3><\/div><\/summary><p class=\"cmplz-subtitle\">Bu ama\u00e7la a\u015fa\u011f\u0131daki verileri kullan\u0131yoruz:<\/p><p><ul><li>IP Adresi<\/li><li>Tarama ge\u00e7mi\u015fi, arama ge\u00e7mi\u015fi ve bir t\u00fcketici&amp;#039&#039;un bir \u0130nternet Web sitesi, uygulama veya reklamla etkile\u015fimiyle ilgili bilgiler dahil ancak bunlarla s\u0131n\u0131rl\u0131 olmamak \u00fczere \u0130nternet etkinli\u011fi bilgileri<\/li><li>Co\u011frafi konum verileri<\/li><\/ul><\/p><p class=\"cmplz-subtitle\">Bu verileri i\u015fleyebilmemizin temeli \u015fudur:<\/p><p><a target=\"_blank\" rel=\"noopener noreferrer nofollow\" href=\"https:\/\/cookiedatabase.org\/legal-bases\/#legitimate\">Kontrol\u00f6r veya \u00fc\u00e7\u00fcnc\u00fc bir \u015fah\u0131s taraf\u0131ndan izlenen me\u015fru menfaatlerin ama\u00e7lar\u0131 i\u00e7in gerekli olmas\u0131 ve bu menfaatin ilgili ki\u015finin menfaatinden a\u011f\u0131r basmas\u0131.<\/a><\/p><p class=\"cmplz-subtitle\">Saklama s\u00fcresi<\/p><p>Bu verileri hizmet sonland\u0131r\u0131l\u0131ncaya kadar sakl\u0131yoruz.<\/p><\/details><details class=\"cmplz-dropdown dropdown-privacy-statement\"><summary><div><h3>1.6 Teslimatlar<\/h3><\/div><\/summary><p class=\"cmplz-subtitle\">Bu ama\u00e7la a\u015fa\u011f\u0131daki verileri kullan\u0131yoruz:<\/p><p><ul><li>Bir ad ve soyad\u0131<\/li><li>Sokak ad\u0131 ve \u015fehir veya kasaba ad\u0131 dahil olmak \u00fczere bir ev veya ba\u015fka bir fiziksel adres<\/li><li>Bir e-posta adresi<\/li><li>Bir telefon numaras\u0131<\/li><li>Co\u011frafi konum verileri<\/li><\/ul><\/p><p class=\"cmplz-subtitle\">Bu verileri i\u015fleyebilmemizin temeli \u015fudur:<\/p><p><a target=\"_blank\" rel=\"noopener noreferrer nofollow\" href=\"https:\/\/cookiedatabase.org\/legal-bases\/#agreement\">Veri sahibinin taraf oldu\u011fu bir s\u00f6zle\u015fmeye ili\u015fkin bir s\u00f6zle\u015fmenin veya \u00f6n prosed\u00fcrlerin ifas\u0131 i\u00e7in gereklidir. <\/a><\/p><p class=\"cmplz-subtitle\">Saklama s\u00fcresi<\/p><p>Bu verileri hizmet sonland\u0131r\u0131l\u0131ncaya kadar sakl\u0131yoruz.<\/p><\/details><h2>2. Di\u011fer taraflarla payla\u015fma<\/h2><p>Bu verileri yaln\u0131zca a\u015fa\u011f\u0131daki ama\u00e7larla i\u015flemcilerle payla\u015f\u0131r veya if\u015fa ederiz:<\/p><p class=\"cmplz-subtitle\">i\u015flemciler<\/p><p><b>\u0130sim:<\/b>&nbsp;PXC Dijital Ltd.<br>\n                <b>\u00dclke:<\/b>&nbsp;Birle\u015fik Krall\u0131k<br>\n                <b>Ama\u00e7:<\/b>&nbsp;Yaz\u0131l\u0131m geli\u015ftiricileri<br><\/p><h2>3. \u00c7erezler<\/h2><p>Web sitemiz \u00e7erez kullan\u0131r. \u00c7erezler hakk\u0131nda daha fazla bilgi i\u00e7in l\u00fctfen <a href=\"https:\/\/www.gutenbergmachines.com\/tr\/cerez-politikasi-2\">\u00c7erez politikas\u0131<\/a>.&nbsp;<\/p><h2>4. Bilgilendirme uygulamalar\u0131<\/h2><p><p>Ki\u015fisel bilgileri, bir kanun uygulay\u0131c\u0131 kuruma yan\u0131t olarak, kanunun di\u011fer h\u00fck\u00fcmlerinin izin verdi\u011fi \u00f6l\u00e7\u00fcde, bilgi sa\u011flamak veya kamu g\u00fcvenli\u011fi ile ilgili bir konuda soru\u015fturma yapmak i\u00e7in kanunen veya mahkeme emriyle gerekliyse if\u015fa ederiz.<\/p><p>Web sitemiz veya kurulu\u015fumuz devral\u0131n\u0131rsa, sat\u0131l\u0131rsa veya bir birle\u015fme veya sat\u0131n alma i\u015flemine dahil olursa, bilgileriniz dan\u0131\u015fmanlar\u0131m\u0131za ve olas\u0131 al\u0131c\u0131lara if\u015fa edilebilir ve yeni sahiplerine iletilir.<\/p><\/p><h2>5. G\u00fcvenlik<\/h2><p>Ki\u015fisel verilerin g\u00fcvenli\u011fini taahh\u00fct ediyoruz. Ki\u015fisel verilerin k\u00f6t\u00fcye kullan\u0131m\u0131n\u0131 ve yetkisiz eri\u015fimi s\u0131n\u0131rlamak i\u00e7in uygun g\u00fcvenlik \u00f6nlemleri al\u0131yoruz. Bu, verilerinize yaln\u0131zca gerekli ki\u015filerin eri\u015fmesini, verilere eri\u015fimin korunmas\u0131n\u0131 ve g\u00fcvenlik \u00f6nlemlerimizin d\u00fczenli olarak g\u00f6zden ge\u00e7irilmesini sa\u011flar.<\/p><h2>6. \u00dc\u00e7\u00fcnc\u00fc taraf web siteleri<\/h2><p>Bu gizlilik bildirimi, web sitemizdeki ba\u011flant\u0131larla ba\u011flanan \u00fc\u00e7\u00fcnc\u00fc taraf web siteleri i\u00e7in ge\u00e7erli de\u011fildir. Bu \u00fc\u00e7\u00fcnc\u00fc taraflar\u0131n ki\u015fisel verilerinizi g\u00fcvenilir veya g\u00fcvenli bir \u015fekilde kullanaca\u011f\u0131n\u0131 garanti edemeyiz. Bu web sitelerini kullanmadan \u00f6nce bu web sitelerinin gizlilik bildirimlerini okuman\u0131z\u0131 \u00f6neririz.<\/p><h2>7. Bu gizlilik bildiriminde yap\u0131lan de\u011fi\u015fiklikler<\/h2><p>Bu gizlilik bildiriminde de\u011fi\u015fiklik yapma hakk\u0131m\u0131z sakl\u0131d\u0131r. Herhangi bir de\u011fi\u015fiklikten haberdar olmak i\u00e7in bu gizlilik bildirimine d\u00fczenli olarak bakman\u0131z \u00f6nerilir. Ayr\u0131ca, m\u00fcmk\u00fcn olan her yerde sizi aktif olarak bilgilendirece\u011fiz.<\/p><h2>8. Verilerinize eri\u015fme ve bunlar\u0131 de\u011fi\u015ftirme<\/h2><p>Herhangi bir sorunuz varsa veya sizinle ilgili hangi ki\u015fisel verilere sahip oldu\u011fumuzu bilmek istiyorsan\u0131z, l\u00fctfen bizimle ileti\u015fime ge\u00e7in. A\u015fa\u011f\u0131daki bilgileri kullanarak bizimle ileti\u015fime ge\u00e7ebilirsiniz. A\u015fa\u011f\u0131daki haklara sahipsiniz:<\/p><ul>\n                <li>Ki\u015fisel verilerinizin neden gerekli oldu\u011funu, bu verilere ne olaca\u011f\u0131n\u0131 ve ne kadar s\u00fcreyle saklanaca\u011f\u0131n\u0131 bilme hakk\u0131n\u0131z vard\u0131r.<\/li>\n                <li>Eri\u015fim hakk\u0131: Bizim taraf\u0131m\u0131zdan bilinen ki\u015fisel verilerinize eri\u015fme hakk\u0131na sahipsiniz.<\/li>\n                <li>D\u00fczeltme hakk\u0131: Ki\u015fisel verilerinizi istedi\u011finiz zaman tamamlama, d\u00fczeltme, silme veya engelleme hakk\u0131na sahipsiniz.<\/li>\n                <li>Verilerinizi i\u015flememiz i\u00e7in bize onay verirseniz, bu izni geri alma ve ki\u015fisel verilerinizi silme hakk\u0131na sahipsiniz.<\/li>\n                <li>Verilerinizi aktarma hakk\u0131: T\u00fcm ki\u015fisel verilerinizi denetleyiciden talep etme ve b\u00fct\u00fcn\u00fcyle ba\u015fka bir denetleyiciye aktarma hakk\u0131na sahipsiniz.<\/li>\n                <li>\u0130tiraz hakk\u0131: verilerinizin i\u015flenmesine itiraz edebilirsiniz. \u0130\u015fleme i\u00e7in hakl\u0131 gerek\u00e7eler olmad\u0131\u011f\u0131 s\u00fcrece buna uyar\u0131z.<\/li>\n            <\/ul><p>Yanl\u0131\u015f ki\u015fiye ait hi\u00e7bir veriyi de\u011fi\u015ftirmedi\u011fimizden veya silmedi\u011fimizden emin olabilmemiz i\u00e7in l\u00fctfen kim oldu\u011funuzu her zaman a\u00e7\u0131k\u00e7a belirtti\u011finizden emin olun.<\/p><h2>9. Bir \u015fikayette bulunma<\/h2><p>Ki\u015fisel verilerinizin i\u015flenmesini (hakk\u0131nda bir \u015fikayeti) ele alma \u015feklimizden memnun de\u011filseniz, Bilgi Komiserli\u011fi Ofisine \u015fikayette bulunma hakk\u0131n\u0131z vard\u0131r:<\/p><p><br>Wycliffe Evi<br>\n                        Su Yolu<br>\n                        Wilmslow<br>\n                        Cheshire<br>\n                        SK9 5AF<\/p><h2>10. \u00c7ocuklar<\/h2><p>Web sitemiz \u00e7ocuklar\u0131 cezbetmek i\u00e7in tasarlanmam\u0131\u015ft\u0131r ve amac\u0131m\u0131z ikamet ettikleri \u00fclkede re\u015fit olma ya\u015f\u0131n\u0131n alt\u0131ndaki \u00e7ocuklardan ki\u015fisel veri toplamak de\u011fildir. Bu nedenle, r\u0131za ya\u015f\u0131n\u0131n alt\u0131ndaki \u00e7ocuklar\u0131n bize herhangi bir ki\u015fisel veri g\u00f6ndermemelerini rica ediyoruz.<\/p><h2>11. \u0130leti\u015fim bilgileri<\/h2><p>Gutenberg Grafische Makineleri BV<br>\n        Siriusdreef 17-27- 2132 KT<br \/>\r\nHoofddorp - Hollanda<br>\n        Hollanda<br>\n        \u0130nternet sitesi: <a href=\"https:\/\/www.gutenbergmachines.com\/tr\">https:\/\/www.gutenbergmachines.com\/tr<\/a> <br>\n        E-posta: <span class=\"cmplz-obfuscate\">i&#110;fo@<span class=\"cmplz-fmail-domain\">ex.c&#111;m<\/span>&#103;&#117;&#116;&#101;nbe&#114;&#103;&#109;&#097;&#099;h&#105;nes.c&#111;&#109;<\/span> <br>\n        Telefon numaras\u0131: +31 630074407<\/p><\/div>","protected":false},"excerpt":{"rendered":"","protected":false},"author":5,"featured_media":0,"parent":0,"menu_order":0,"comment_status":"closed","ping_status":"closed","template":"","meta":{"_acf_changed":false,"_joinchat":[],"footnotes":""},"class_list":["post-1698","page","type-page","status-publish","hentry"],"acf":[],"yoast_head":"<!-- This site is optimized with the Yoast SEO plugin v25.7 - https:\/\/yoast.com\/wordpress\/plugins\/seo\/ -->\n<title>Gutenberg Grafische Machines B.V.<\/title>\n<meta name=\"robots\" content=\"index, follow, max-snippet:-1, max-image-preview:large, max-video-preview:-1\" \/>\n<link rel=\"canonical\" href=\"http:\/\/www.gutenbergmachines.com\/tr\/gizlilik-bildirimi-uk\/\" \/>\n<meta property=\"og:locale\" content=\"tr_TR\" \/>\n<meta property=\"og:type\" content=\"article\" \/>\n<meta property=\"og:title\" content=\"Privacy Statement (UK) | Gutenberg Grafische Machines B.V.\" \/>\n<meta property=\"og:url\" content=\"http:\/\/www.gutenbergmachines.com\/tr\/gizlilik-bildirimi-uk\/\" \/>\n<meta property=\"og:site_name\" content=\"Gutenberg Grafische Machines B.V.\" \/>\n<meta property=\"article:publisher\" content=\"https:\/\/www.facebook.com\/gutenbergprintingmachines\/\" \/>\n<meta property=\"article:modified_time\" content=\"2021-11-29T11:06:31+00:00\" \/>\n<meta name=\"twitter:card\" content=\"summary_large_image\" \/>\n<meta name=\"twitter:site\" content=\"@gutenbergmachi1\" \/>\n<meta name=\"twitter:label1\" content=\"Tahmini okuma s\u00fcresi\" \/>\n\t<meta name=\"twitter:data1\" content=\"1 dakika\" \/>\n<script type=\"application\/ld+json\" class=\"yoast-schema-graph\">{\"@context\":\"https:\/\/schema.org\",\"@graph\":[{\"@type\":\"WebPage\",\"@id\":\"http:\/\/www.gutenbergmachines.com\/ru\/privacy-statement-uk\",\"url\":\"http:\/\/www.gutenbergmachines.com\/ru\/privacy-statement-uk\",\"name\":\"Privacy Statement (UK) | Gutenberg Grafische Machines B.V.\",\"isPartOf\":{\"@id\":\"https:\/\/www.gutenbergmachines.com\/#website\"},\"datePublished\":\"2021-08-19T08:44:15+00:00\",\"dateModified\":\"2021-11-29T11:06:31+00:00\",\"breadcrumb\":{\"@id\":\"http:\/\/www.gutenbergmachines.com\/ru\/privacy-statement-uk#breadcrumb\"},\"inLanguage\":\"tr\",\"potentialAction\":[{\"@type\":\"ReadAction\",\"target\":[\"http:\/\/www.gutenbergmachines.com\/ru\/privacy-statement-uk\"]}]},{\"@type\":\"BreadcrumbList\",\"@id\":\"http:\/\/www.gutenbergmachines.com\/ru\/privacy-statement-uk#breadcrumb\",\"itemListElement\":[{\"@type\":\"ListItem\",\"position\":1,\"name\":\"Home\",\"item\":\"https:\/\/www.gutenbergmachines.com\/\"},{\"@type\":\"ListItem\",\"position\":2,\"name\":\"Privacy Statement (UK)\"}]},{\"@type\":\"WebSite\",\"@id\":\"https:\/\/www.gutenbergmachines.com\/#website\",\"url\":\"https:\/\/www.gutenbergmachines.com\/\",\"name\":\"Gutenberg Grafische Machines B.V.\",\"description\":\"Used Printing Machines\",\"publisher\":{\"@id\":\"https:\/\/www.gutenbergmachines.com\/#organization\"},\"potentialAction\":[{\"@type\":\"SearchAction\",\"target\":{\"@type\":\"EntryPoint\",\"urlTemplate\":\"https:\/\/www.gutenbergmachines.com\/?s={search_term_string}\"},\"query-input\":{\"@type\":\"PropertyValueSpecification\",\"valueRequired\":true,\"valueName\":\"search_term_string\"}}],\"inLanguage\":\"tr\"},{\"@type\":\"Organization\",\"@id\":\"https:\/\/www.gutenbergmachines.com\/#organization\",\"name\":\"GUTENBERG GRAFISCHE MACHINES\",\"url\":\"https:\/\/www.gutenbergmachines.com\/\",\"logo\":{\"@type\":\"ImageObject\",\"inLanguage\":\"tr\",\"@id\":\"https:\/\/www.gutenbergmachines.com\/#\/schema\/logo\/image\/\",\"url\":\"https:\/\/www.gutenbergmachines.com\/wp-content\/uploads\/2021\/12\/Gutenburg_Logo_500_white.png\",\"contentUrl\":\"https:\/\/www.gutenbergmachines.com\/wp-content\/uploads\/2021\/12\/Gutenburg_Logo_500_white.png\",\"width\":500,\"height\":95,\"caption\":\"GUTENBERG GRAFISCHE MACHINES\"},\"image\":{\"@id\":\"https:\/\/www.gutenbergmachines.com\/#\/schema\/logo\/image\/\"},\"sameAs\":[\"https:\/\/www.facebook.com\/gutenbergprintingmachines\/\",\"https:\/\/x.com\/gutenbergmachi1\",\"https:\/\/www.linkedin.com\/company\/gutenberg-machines\/\",\"https:\/\/www.youtube.com\/channel\/UCYy3jPCn2CalwkxJCCGg7mQ\"]}]}<\/script>\n<!-- \/ Yoast SEO plugin. -->","yoast_head_json":{"title":"Gutenberg Grafische Makineleri BV","robots":{"index":"index","follow":"follow","max-snippet":"max-snippet:-1","max-image-preview":"max-image-preview:large","max-video-preview":"max-video-preview:-1"},"canonical":"http:\/\/www.gutenbergmachines.com\/tr\/gizlilik-bildirimi-uk\/","og_locale":"tr_TR","og_type":"article","og_title":"Privacy Statement (UK) | Gutenberg Grafische Machines B.V.","og_url":"http:\/\/www.gutenbergmachines.com\/tr\/gizlilik-bildirimi-uk\/","og_site_name":"Gutenberg Grafische Machines B.V.","article_publisher":"https:\/\/www.facebook.com\/gutenbergprintingmachines\/","article_modified_time":"2021-11-29T11:06:31+00:00","twitter_card":"summary_large_image","twitter_site":"@gutenbergmachi1","twitter_misc":{"Tahmini okuma s\u00fcresi":"1 dakika"},"schema":{"@context":"https:\/\/schema.org","@graph":[{"@type":"WebPage","@id":"http:\/\/www.gutenbergmachines.com\/ru\/privacy-statement-uk","url":"http:\/\/www.gutenbergmachines.com\/ru\/privacy-statement-uk","name":"Gizlilik Bildirimi (\u0130ngiltere) | Gutenberg Grafische Makineleri BV","isPartOf":{"@id":"https:\/\/www.gutenbergmachines.com\/#website"},"datePublished":"2021-08-19T08:44:15+00:00","dateModified":"2021-11-29T11:06:31+00:00","breadcrumb":{"@id":"http:\/\/www.gutenbergmachines.com\/ru\/privacy-statement-uk#breadcrumb"},"inLanguage":"tr","potentialAction":[{"@type":"ReadAction","target":["http:\/\/www.gutenbergmachines.com\/ru\/privacy-statement-uk"]}]},{"@type":"BreadcrumbList","@id":"http:\/\/www.gutenbergmachines.com\/ru\/privacy-statement-uk#breadcrumb","itemListElement":[{"@type":"ListItem","position":1,"name":"Home","item":"https:\/\/www.gutenbergmachines.com\/"},{"@type":"ListItem","position":2,"name":"Privacy Statement (UK)"}]},{"@type":"WebSite","@id":"https:\/\/www.gutenbergmachines.com\/#website","url":"https:\/\/www.gutenbergmachines.com\/","name":"Gutenberg Grafische Makineleri BV","description":"Kullan\u0131lm\u0131\u015f Matbaa Makinalar\u0131","publisher":{"@id":"https:\/\/www.gutenbergmachines.com\/#organization"},"potentialAction":[{"@type":"SearchAction","target":{"@type":"EntryPoint","urlTemplate":"https:\/\/www.gutenbergmachines.com\/?s={search_term_string}"},"query-input":{"@type":"PropertyValueSpecification","valueRequired":true,"valueName":"search_term_string"}}],"inLanguage":"tr"},{"@type":"Organization","@id":"https:\/\/www.gutenbergmachines.com\/#organization","name":"GUTENBERG GRAF\u0130S MAK\u0130NELER\u0130","url":"https:\/\/www.gutenbergmachines.com\/","logo":{"@type":"ImageObject","inLanguage":"tr","@id":"https:\/\/www.gutenbergmachines.com\/#\/schema\/logo\/image\/","url":"https:\/\/www.gutenbergmachines.com\/wp-content\/uploads\/2021\/12\/Gutenburg_Logo_500_white.png","contentUrl":"https:\/\/www.gutenbergmachines.com\/wp-content\/uploads\/2021\/12\/Gutenburg_Logo_500_white.png","width":500,"height":95,"caption":"GUTENBERG GRAFISCHE MACHINES"},"image":{"@id":"https:\/\/www.gutenbergmachines.com\/#\/schema\/logo\/image\/"},"sameAs":["https:\/\/www.facebook.com\/gutenbergprintingmachines\/","https:\/\/x.com\/gutenbergmachi1","https:\/\/www.linkedin.com\/company\/gutenberg-machines\/","https:\/\/www.youtube.com\/channel\/UCYy3jPCn2CalwkxJCCGg7mQ"]}]}},"jetpack_sharing_enabled":true,"_links":{"self":[{"href":"https:\/\/www.gutenbergmachines.com\/tr\/wp-json\/wp\/v2\/pages\/1698","targetHints":{"allow":["GET"]}}],"collection":[{"href":"https:\/\/www.gutenbergmachines.com\/tr\/wp-json\/wp\/v2\/pages"}],"about":[{"href":"https:\/\/www.gutenbergmachines.com\/tr\/wp-json\/wp\/v2\/types\/page"}],"author":[{"embeddable":true,"href":"https:\/\/www.gutenbergmachines.com\/tr\/wp-json\/wp\/v2\/users\/5"}],"replies":[{"embeddable":true,"href":"https:\/\/www.gutenbergmachines.com\/tr\/wp-json\/wp\/v2\/comments?post=1698"}],"version-history":[{"count":0,"href":"https:\/\/www.gutenbergmachines.com\/tr\/wp-json\/wp\/v2\/pages\/1698\/revisions"}],"wp:attachment":[{"href":"https:\/\/www.gutenbergmachines.com\/tr\/wp-json\/wp\/v2\/media?parent=1698"}],"curies":[{"name":"wp","href":"https:\/\/api.w.org\/{rel}","templated":true}]}}