{"id":1707,"date":"2021-08-19T08:44:16","date_gmt":"2021-08-19T08:44:16","guid":{"rendered":"http:\/\/gutenberg.pressxchangeweb.com\/disclaimer"},"modified":"2021-11-29T11:05:58","modified_gmt":"2021-11-29T11:05:58","slug":"sorumluluk-reddi","status":"publish","type":"page","link":"https:\/\/www.gutenbergmachines.com\/tr\/sorumluluk-reddi","title":{"rendered":"sorumluluk reddi"},"content":{"rendered":"<!-- Legal document generated by Complianz | GDPR\/CCPA Cookie Consent https:\/\/wordpress.org\/plugins\/complianz-gdpr -->\n<div id=\"cmplz-document\" class=\"cmplz-document disclaimer cmplz-document-all\"><p>Gutenberg Grafische Machines B.V. is committed to keeping this website up to date and accurate. Should you nevertheless encounter anything that is incorrect or out of date, we would appreciate it if you could let us know. Please indicate where on the website you read the information. We will then look at this as soon as possible. Please send your response by email to: <span class=\"cmplz-obfuscate\">i&#110;&#102;&#111;@<span class=\"cmplz-fmail-domain\">&#101;&#120;.&#099;&#111;&#109;<\/span>gute&#110;&#098;e&#114;g&#109;&#097;c&#104;ines&#046;&#099;&#111;&#109;<\/span>.<\/p><p>Yan\u0131t\u0131n\u0131z veya bilgi talebiniz kapsam\u0131nda bize sa\u011flad\u0131\u011f\u0131n\u0131z ki\u015fisel veriler yaln\u0131zca gizlilik bildirimimize uygun olarak kullan\u0131lacakt\u0131r.<\/p><p>Gutenberg Grafische Machines BV, sistemlerini her t\u00fcrl\u00fc yasa d\u0131\u015f\u0131 kullan\u0131ma kar\u015f\u0131 korumak i\u00e7in makul olan her t\u00fcrl\u00fc \u00e7abay\u0131 g\u00f6sterecektir. Gutenberg Grafische Machines BV, di\u011fer hususlar\u0131n yan\u0131 s\u0131ra en son teknolojiyi dikkate alarak bu ama\u00e7la uygun teknik ve organizasyonel \u00f6nlemleri alacakt\u0131r. Ancak, site kullan\u0131c\u0131lar\u0131n\u0131n sistemlerinin \u00fc\u00e7\u00fcnc\u00fc ki\u015filer taraf\u0131ndan hukuka ayk\u0131r\u0131 olarak kullan\u0131lmas\u0131 sonucunda u\u011frad\u0131klar\u0131 do\u011frudan ve\/veya dolayl\u0131 zararlardan sorumlu de\u011fildir.<\/p><p>Gutenberg Grafische Machines BV, bir k\u00f6pr\u00fc metni veya ba\u015fka bir referans\u0131n yap\u0131ld\u0131\u011f\u0131 veya yap\u0131ld\u0131\u011f\u0131 web sitelerinin i\u00e7eri\u011finden sorumlu de\u011fildir. \u00dc\u00e7\u00fcnc\u00fc taraflarca sunulan \u00fcr\u00fcnler veya hizmetler, s\u00f6z konusu \u00fc\u00e7\u00fcnc\u00fc taraflar\u0131n ge\u00e7erli h\u00fck\u00fcm ve ko\u015fullar\u0131na tabi olacakt\u0131r.<\/p><p>Bu web sitesindeki i\u00e7eri\u011fin t\u00fcm fikri m\u00fclkiyet haklar\u0131, i\u00e7eri\u011fi kendileri yerle\u015ftiren veya Gutenberg Grafische Machines BV&#039;nin kullan\u0131c\u0131 lisans\u0131 ald\u0131\u011f\u0131 \u00fc\u00e7\u00fcnc\u00fc taraflara aittir.<\/p><p>Bu materyallerin kopyalanmas\u0131, yay\u0131lmas\u0131 ve ba\u015fka herhangi bir \u015fekilde kullan\u0131lmas\u0131, Gutenberg Grafische Machines BV&#039;nin yaz\u0131l\u0131 izni olmaks\u0131z\u0131n yasakt\u0131r; ancak ve ancak zorunlu yasa d\u00fczenlemelerinde (\u00f6rne\u011fin al\u0131nt\u0131 yapma hakk\u0131) aksi belirtilmedi\u011fi s\u00fcrece veya \u00f6zel i\u00e7erik aksi y\u00f6nde bir h\u00fck\u00fcm i\u00e7ermedi\u011fi s\u00fcrece.<\/p><p>Web sitemizin eri\u015filebilirli\u011fi ile ilgili herhangi bir sorunuz veya sorununuz varsa l\u00fctfen bizimle ileti\u015fime ge\u00e7mekten \u00e7ekinmeyin.<\/p><\/div>","protected":false},"excerpt":{"rendered":"","protected":false},"author":5,"featured_media":0,"parent":0,"menu_order":0,"comment_status":"closed","ping_status":"closed","template":"","meta":{"_acf_changed":false,"_joinchat":[],"footnotes":""},"class_list":["post-1707","page","type-page","status-publish","hentry"],"acf":[],"yoast_head":"<!-- This site is optimized with the Yoast SEO plugin v25.7 - https:\/\/yoast.com\/wordpress\/plugins\/seo\/ -->\n<title>Gutenberg Grafische Machines B.V.<\/title>\n<meta name=\"robots\" content=\"index, follow, max-snippet:-1, max-image-preview:large, max-video-preview:-1\" \/>\n<link rel=\"canonical\" href=\"https:\/\/www.gutenbergmachines.com\/tr\/sorumluluk-reddi\/\" \/>\n<meta property=\"og:locale\" content=\"tr_TR\" \/>\n<meta property=\"og:type\" content=\"article\" \/>\n<meta property=\"og:title\" content=\"Disclaimer | Gutenberg Grafische Machines B.V.\" \/>\n<meta property=\"og:url\" content=\"https:\/\/www.gutenbergmachines.com\/tr\/sorumluluk-reddi\/\" \/>\n<meta property=\"og:site_name\" content=\"Gutenberg Grafische Machines B.V.\" \/>\n<meta property=\"article:publisher\" content=\"https:\/\/www.facebook.com\/gutenbergprintingmachines\/\" \/>\n<meta property=\"article:modified_time\" content=\"2021-11-29T11:05:58+00:00\" \/>\n<meta name=\"twitter:card\" content=\"summary_large_image\" \/>\n<meta name=\"twitter:site\" content=\"@gutenbergmachi1\" \/>\n<meta name=\"twitter:label1\" content=\"Tahmini okuma s\u00fcresi\" \/>\n\t<meta name=\"twitter:data1\" content=\"1 dakika\" \/>\n<script type=\"application\/ld+json\" class=\"yoast-schema-graph\">{\"@context\":\"https:\/\/schema.org\",\"@graph\":[{\"@type\":\"WebPage\",\"@id\":\"https:\/\/www.gutenbergmachines.com\/ru\/disclaimer\",\"url\":\"https:\/\/www.gutenbergmachines.com\/ru\/disclaimer\",\"name\":\"Disclaimer | Gutenberg Grafische Machines B.V.\",\"isPartOf\":{\"@id\":\"https:\/\/www.gutenbergmachines.com\/#website\"},\"datePublished\":\"2021-08-19T08:44:16+00:00\",\"dateModified\":\"2021-11-29T11:05:58+00:00\",\"breadcrumb\":{\"@id\":\"https:\/\/www.gutenbergmachines.com\/ru\/disclaimer#breadcrumb\"},\"inLanguage\":\"tr\",\"potentialAction\":[{\"@type\":\"ReadAction\",\"target\":[\"https:\/\/www.gutenbergmachines.com\/ru\/disclaimer\"]}]},{\"@type\":\"BreadcrumbList\",\"@id\":\"https:\/\/www.gutenbergmachines.com\/ru\/disclaimer#breadcrumb\",\"itemListElement\":[{\"@type\":\"ListItem\",\"position\":1,\"name\":\"Home\",\"item\":\"https:\/\/www.gutenbergmachines.com\/\"},{\"@type\":\"ListItem\",\"position\":2,\"name\":\"Disclaimer\"}]},{\"@type\":\"WebSite\",\"@id\":\"https:\/\/www.gutenbergmachines.com\/#website\",\"url\":\"https:\/\/www.gutenbergmachines.com\/\",\"name\":\"Gutenberg Grafische Machines B.V.\",\"description\":\"Used Printing Machines\",\"publisher\":{\"@id\":\"https:\/\/www.gutenbergmachines.com\/#organization\"},\"potentialAction\":[{\"@type\":\"SearchAction\",\"target\":{\"@type\":\"EntryPoint\",\"urlTemplate\":\"https:\/\/www.gutenbergmachines.com\/?s={search_term_string}\"},\"query-input\":{\"@type\":\"PropertyValueSpecification\",\"valueRequired\":true,\"valueName\":\"search_term_string\"}}],\"inLanguage\":\"tr\"},{\"@type\":\"Organization\",\"@id\":\"https:\/\/www.gutenbergmachines.com\/#organization\",\"name\":\"GUTENBERG GRAFISCHE MACHINES\",\"url\":\"https:\/\/www.gutenbergmachines.com\/\",\"logo\":{\"@type\":\"ImageObject\",\"inLanguage\":\"tr\",\"@id\":\"https:\/\/www.gutenbergmachines.com\/#\/schema\/logo\/image\/\",\"url\":\"https:\/\/www.gutenbergmachines.com\/wp-content\/uploads\/2021\/12\/Gutenburg_Logo_500_white.png\",\"contentUrl\":\"https:\/\/www.gutenbergmachines.com\/wp-content\/uploads\/2021\/12\/Gutenburg_Logo_500_white.png\",\"width\":500,\"height\":95,\"caption\":\"GUTENBERG GRAFISCHE MACHINES\"},\"image\":{\"@id\":\"https:\/\/www.gutenbergmachines.com\/#\/schema\/logo\/image\/\"},\"sameAs\":[\"https:\/\/www.facebook.com\/gutenbergprintingmachines\/\",\"https:\/\/x.com\/gutenbergmachi1\",\"https:\/\/www.linkedin.com\/company\/gutenberg-machines\/\",\"https:\/\/www.youtube.com\/channel\/UCYy3jPCn2CalwkxJCCGg7mQ\"]}]}<\/script>\n<!-- \/ Yoast SEO plugin. -->","yoast_head_json":{"title":"Gutenberg Grafische Makineleri BV","robots":{"index":"index","follow":"follow","max-snippet":"max-snippet:-1","max-image-preview":"max-image-preview:large","max-video-preview":"max-video-preview:-1"},"canonical":"https:\/\/www.gutenbergmachines.com\/tr\/sorumluluk-reddi\/","og_locale":"tr_TR","og_type":"article","og_title":"Disclaimer | Gutenberg Grafische Machines B.V.","og_url":"https:\/\/www.gutenbergmachines.com\/tr\/sorumluluk-reddi\/","og_site_name":"Gutenberg Grafische Machines B.V.","article_publisher":"https:\/\/www.facebook.com\/gutenbergprintingmachines\/","article_modified_time":"2021-11-29T11:05:58+00:00","twitter_card":"summary_large_image","twitter_site":"@gutenbergmachi1","twitter_misc":{"Tahmini okuma s\u00fcresi":"1 dakika"},"schema":{"@context":"https:\/\/schema.org","@graph":[{"@type":"WebPage","@id":"https:\/\/www.gutenbergmachines.com\/ru\/disclaimer","url":"https:\/\/www.gutenbergmachines.com\/ru\/disclaimer","name":"sorumluluk reddi | Gutenberg Grafische Makineleri BV","isPartOf":{"@id":"https:\/\/www.gutenbergmachines.com\/#website"},"datePublished":"2021-08-19T08:44:16+00:00","dateModified":"2021-11-29T11:05:58+00:00","breadcrumb":{"@id":"https:\/\/www.gutenbergmachines.com\/ru\/disclaimer#breadcrumb"},"inLanguage":"tr","potentialAction":[{"@type":"ReadAction","target":["https:\/\/www.gutenbergmachines.com\/ru\/disclaimer"]}]},{"@type":"BreadcrumbList","@id":"https:\/\/www.gutenbergmachines.com\/ru\/disclaimer#breadcrumb","itemListElement":[{"@type":"ListItem","position":1,"name":"Home","item":"https:\/\/www.gutenbergmachines.com\/"},{"@type":"ListItem","position":2,"name":"Disclaimer"}]},{"@type":"WebSite","@id":"https:\/\/www.gutenbergmachines.com\/#website","url":"https:\/\/www.gutenbergmachines.com\/","name":"Gutenberg Grafische Makineleri BV","description":"Kullan\u0131lm\u0131\u015f Matbaa Makinalar\u0131","publisher":{"@id":"https:\/\/www.gutenbergmachines.com\/#organization"},"potentialAction":[{"@type":"SearchAction","target":{"@type":"EntryPoint","urlTemplate":"https:\/\/www.gutenbergmachines.com\/?s={search_term_string}"},"query-input":{"@type":"PropertyValueSpecification","valueRequired":true,"valueName":"search_term_string"}}],"inLanguage":"tr"},{"@type":"Organization","@id":"https:\/\/www.gutenbergmachines.com\/#organization","name":"GUTENBERG GRAF\u0130S MAK\u0130NELER\u0130","url":"https:\/\/www.gutenbergmachines.com\/","logo":{"@type":"ImageObject","inLanguage":"tr","@id":"https:\/\/www.gutenbergmachines.com\/#\/schema\/logo\/image\/","url":"https:\/\/www.gutenbergmachines.com\/wp-content\/uploads\/2021\/12\/Gutenburg_Logo_500_white.png","contentUrl":"https:\/\/www.gutenbergmachines.com\/wp-content\/uploads\/2021\/12\/Gutenburg_Logo_500_white.png","width":500,"height":95,"caption":"GUTENBERG GRAFISCHE MACHINES"},"image":{"@id":"https:\/\/www.gutenbergmachines.com\/#\/schema\/logo\/image\/"},"sameAs":["https:\/\/www.facebook.com\/gutenbergprintingmachines\/","https:\/\/x.com\/gutenbergmachi1","https:\/\/www.linkedin.com\/company\/gutenberg-machines\/","https:\/\/www.youtube.com\/channel\/UCYy3jPCn2CalwkxJCCGg7mQ"]}]}},"jetpack_sharing_enabled":true,"_links":{"self":[{"href":"https:\/\/www.gutenbergmachines.com\/tr\/wp-json\/wp\/v2\/pages\/1707","targetHints":{"allow":["GET"]}}],"collection":[{"href":"https:\/\/www.gutenbergmachines.com\/tr\/wp-json\/wp\/v2\/pages"}],"about":[{"href":"https:\/\/www.gutenbergmachines.com\/tr\/wp-json\/wp\/v2\/types\/page"}],"author":[{"embeddable":true,"href":"https:\/\/www.gutenbergmachines.com\/tr\/wp-json\/wp\/v2\/users\/5"}],"replies":[{"embeddable":true,"href":"https:\/\/www.gutenbergmachines.com\/tr\/wp-json\/wp\/v2\/comments?post=1707"}],"version-history":[{"count":0,"href":"https:\/\/www.gutenbergmachines.com\/tr\/wp-json\/wp\/v2\/pages\/1707\/revisions"}],"wp:attachment":[{"href":"https:\/\/www.gutenbergmachines.com\/tr\/wp-json\/wp\/v2\/media?parent=1707"}],"curies":[{"name":"wp","href":"https:\/\/api.w.org\/{rel}","templated":true}]}}